{"id":904,"date":"2021-02-19T10:15:33","date_gmt":"2021-02-19T09:15:33","guid":{"rendered":"https:\/\/wioskisos.org\/kartki-swiateczne\/?page_id=904"},"modified":"2025-10-07T13:39:08","modified_gmt":"2025-10-07T11:39:08","slug":"cennik","status":"publish","type":"page","link":"https:\/\/wioskisos.org\/kartki-swiateczne\/cennik\/","title":{"rendered":"Cennik"},"content":{"rendered":"<ol>\n<li><strong>KARTKI PAPIEROWE\/ minimalna ilo\u015b\u0107 zam\u00f3wienia \u2013 50 sztuk karnet\u00f3w.<\/strong><\/li>\n<\/ol>\n<p>W tym roku oferujemy Pa\u0144stwu karnety \u015bwi\u0105teczne w ramach dw\u00f3ch kolekcji: A i B.<\/p>\n<p><strong style=\"color: #009ee0;\"> Kolekcja A &#8211; nowo\u015bci &#8211;<\/strong> kartki zaprojektowane przez znanych rysownik\u00f3w i grafik\u00f3w, kt\u00f3re w tym roku<br \/>\ns\u0105 drukowane po raz pierwszy. Serdecznie polecamy!<\/p>\n<p><strong>Specyfikacja:<\/strong><br \/>\n&#8211; format (po z\u0142o\u017ceniu): 118&#215;168 mm<br \/>\n&#8211; gramatura papieru: 250 g\/m2<br \/>\n&#8211; do karnet\u00f3w do\u0142\u0105czone s\u0105 bia\u0142e koperty z paskiem klej\u0105cym<\/p>\n<p><strong style=\"color: #009ee0;\"> Kolekcja B &#8211; <\/strong>to kartki z zesz\u0142orocznej kolekcji, ta\u0144sze o 20%<\/p>\n<p><strong>Specyfikacja:<\/strong><br \/>\n&#8211; format (po z\u0142o\u017ceniu): 118&#215;168 mm<br \/>\n&#8211; papier: bia\u0142a kreda 300g, uszlachetnienie foli\u0105 matow\u0105<br \/>\n&#8211; do karnet\u00f3w do\u0142\u0105czone s\u0105 bia\u0142e koperty z paskiem klej\u0105cym<\/p>\n<p><strong style=\"color: #009ee0;\">Cennik:<\/strong><br \/>\nkolekcja A \u2013 4,90 z\u0142 netto\/szt.<br \/>\nkolekcja B \u2013 3,90 z\u0142 netto\/szt.<\/p>\n<p><strong style=\"color: #009ee0;\">Nadruk wewn\u0105trz karnet\u00f3w (\u017cyczenia \u015bwi\u0105teczne, logo firmy) cena dotyczy 1 projektu:<\/strong><\/p>\n<table id=\"responsive-example-table\" class=\"cennik stacktable large-only\">\n<tbody>\n<tr class=\"top\" bgcolor=\"#009ee0\">\n<td bgcolor=\"#009ee0\"><span style=\"color: #ffffff;\"><strong>Nak\u0142ad w szt.<\/strong><\/span><\/td>\n<td style=\"text-align: center;\" bgcolor=\"#009ee0\"><span style=\"color: #ffffff;\"><strong>50-200<\/strong><\/span><\/td>\n<td style=\"text-align: center;\" bgcolor=\"#009ee0\"><span style=\"color: #ffffff;\"><strong>201-500<\/strong><\/span><\/td>\n<td style=\"text-align: center;\" bgcolor=\"#009ee0\"><span style=\"color: #ffffff;\"><strong>501-1000<\/strong><\/span><\/td>\n<td style=\"text-align: center;\" bgcolor=\"#009ee0\"><span style=\"color: #ffffff;\"><strong>1001-3000<\/strong><\/span><\/td>\n<td style=\"text-align: center;\" bgcolor=\"#009ee0\"><\/td>\n<td style=\"text-align: center;\" bgcolor=\"#009ee0\"><span style=\"color: #ffffff;\"><strong>3001-5000<\/strong><\/span><\/td>\n<td style=\"text-align: center;\" bgcolor=\"#009ee0\"><span style=\"color: #ffffff;\"><strong>Powy\u017cej 5000<\/strong><\/span><\/td>\n<td style=\"text-align: center;\" bgcolor=\"#009ee0\"><\/td>\n<\/tr>\n<tr>\n<td>Cena za nadruk czarny<\/td>\n<td style=\"text-align: center;\">220,-<\/td>\n<td style=\"text-align: center;\">270,-<\/td>\n<td style=\"text-align: center;\">350,-<\/td>\n<td style=\"text-align: center;\">500,-<\/td>\n<td style=\"text-align: center;\"><\/td>\n<td style=\"text-align: center;\">700,-<\/td>\n<td style=\"text-align: center;\">Wycena indywidualna<\/td>\n<td style=\"text-align: center;\"><\/td>\n<\/tr>\n<tr>\n<td>Cena nadruku wielokolorowego (CMYK)<\/td>\n<td style=\"text-align: center;\">440,-<\/td>\n<td style=\"text-align: center;\">700,-<\/td>\n<td style=\"text-align: center;\">900,-<\/td>\n<td style=\"text-align: center;\">1500,-<\/td>\n<td style=\"text-align: center;\"><\/td>\n<td style=\"text-align: center;\">1800,-<\/td>\n<td style=\"text-align: center;\">Wycena indywidualna<\/td>\n<td style=\"text-align: center;\"><\/td>\n<\/tr>\n<tr>\n<td>Cena nadruk z palety kolor\u00f3w Pantone (1 kolor)<\/td>\n<td style=\"text-align: center;\">700,-<\/td>\n<td style=\"text-align: center;\">800,-<\/td>\n<td style=\"text-align: center;\">900,-<\/td>\n<td style=\"text-align: center;\">1000,-<\/td>\n<td style=\"text-align: center;\"><\/td>\n<td style=\"text-align: center;\">1200,-<\/td>\n<td style=\"text-align: center;\">Wycena indywidualna<\/td>\n<td style=\"text-align: center;\"><\/td>\n<\/tr>\n<\/tbody>\n<\/table>\n<ul>\n<li>Wycena innych opcji nadruku np. kilka kolor\u00f3w z pantona, cmyk + panton, wynika z zsumowania kwot zawartych w tabeli.<\/li>\n<li>Cennik dotyczy tak\u017ce nadruku na kopertach.<\/li>\n<li>W razie w\u0105tpliwo\u015bci prosimy o kontakt w sprawie indywidualnej wyceny.<\/li>\n<\/ul>\n<p><span style=\"color: #009ee0;\"><strong>Przygotowanie jednego projektu graficznego (uk\u0142ad graficzny \u017cycze\u0144, logo) &#8211; 100 z\u0142.<\/strong><\/span><\/p>\n<ul class=\"cfix\">\n<li>Cena obejmuje przygotowanie do druku 1 projektu \u017cycze\u0144 (oznacza to jeden, zredagowany tekst \u017cycze\u0144,\u00a0 2-3 propozycje uk\u0142adu i czcionek i 2-3 poprawki)<br \/>\nW sprawie ustalenia projektu nadruku \u017cycze\u0144 tj.: tekst, logo, czcionka, kolor, prosimy o kontakt<br \/>\nmailowy:<a href=\"mailto:sklepsos@sos-wd.org\"><strong> sklepsos@sos-wd.org<\/strong><\/a><\/li>\n<li>Przyk\u0142adowe teksty \u017cycze\u0144 \u015bwi\u0105tecznych znajd\u0105 Pa\u0144stwo <a href=\"https:\/\/wioskisos.org\/kartki-swiateczne\/teksty-zyczen\/\" target=\"_blank\" rel=\"noopener\">TUTAJ<\/a>.<\/li>\n<\/ul>\n<p><span style=\"color: #009ee0;\"><strong>Pakowanie i transport (kurier):<\/strong><\/span><\/p>\n<table id=\"responsive-example-table2\" class=\"cennik stacktable large-only\">\n<tbody>\n<tr class=\"top\">\n<td style=\"text-align: center;\" bgcolor=\"#009ee0\"><span style=\"color: #ffffff;\">Nak\u0142ad w szt.<\/span><\/td>\n<td style=\"text-align: center;\" bgcolor=\"#009ee0\"><span style=\"color: #ffffff;\">do 500<\/span><\/td>\n<td style=\"text-align: center;\" bgcolor=\"#009ee0\"><span style=\"color: #ffffff;\">do 1000<\/span><\/td>\n<td style=\"text-align: center;\" bgcolor=\"#009ee0\"><span style=\"color: #ffffff;\">do 2000<\/span><\/td>\n<td style=\"text-align: center;\" bgcolor=\"#009ee0\"><span style=\"color: #ffffff;\">do 4000<\/span><\/td>\n<td style=\"text-align: center;\" bgcolor=\"#009ee0\"><span style=\"color: #ffffff;\">do 5000<\/span><\/td>\n<td style=\"text-align: center;\" bgcolor=\"#009ee0\"><span style=\"color: #ffffff;\">od 5001<\/span><\/td>\n<\/tr>\n<tr>\n<td>Cena<\/td>\n<td style=\"text-align: center;\">30,-<\/td>\n<td style=\"text-align: center;\">60,-<\/td>\n<td style=\"text-align: center;\">120,-<\/td>\n<td style=\"text-align: center;\">210,-<\/td>\n<td style=\"text-align: center;\">280,-<\/td>\n<td style=\"text-align: center;\">Wycena indywidualna<\/td>\n<\/tr>\n<\/tbody>\n<\/table>\n<p><em><span style=\"text-decoration: underline;\"><strong>Wszystkie ceny podane w ofercie s\u0105 kwotami netto w PLN, nale\u017cy do nich doliczy\u0107 23% VAT.<\/strong><\/span><\/em><\/p>\n<p><span style=\"color: #009ee0;\"><strong>Termin realizacji i przyjmowania zam\u00f3wienia:<\/strong><\/span><\/p>\n<ul>\n<li>Karnety bez nadruku &#8211; do 3 dni od z\u0142o\u017cenia zam\u00f3wienia i dokonania przelewu,<br \/>\nzam\u00f3wienia przyjmowane do <strong>18.12.2025r.<\/strong><\/li>\n<li>Karnety z nadrukiem &#8211; do 7 dni roboczych od momentu ostatecznego zaakceptowania projektu graficznego oraz dokonania przelewu,<br \/>\nzam\u00f3wienia przyjmowane do <strong>15.12.2025r.<\/strong><\/li>\n<\/ul>\n<p><span style=\"color: #009ee0;\"><strong>Termin i spos\u00f3b p\u0142atno\u015bci:<\/strong><\/span><\/p>\n<ul class=\"cfix\">\n<li>Karnety bez nadruku &#8211; 100% p\u0142atno\u015bci dokonanej przed wysy\u0142k\u0105, na podstawie faktury proforma<\/li>\n<li>Karnety z nadrukiem &#8211; 100% p\u0142atno\u015bci po zaakceptowaniu projektu nadruku, na podstawie faktury proforma<\/li>\n<\/ul>\n<p><span style=\"color: #009ee0;\"><strong>Ostatnia strona kartki<\/strong><\/span><\/p>\n<p>Na ka\u017cdym karnecie ( wewn\u0105trz na lewej stronie po roz\u0142o\u017ceniu) znajduje si\u0119 logotyp Stowarzyszenia oraz informacja: <strong>\u201eDzi\u0119ki tej kartce pomagamy potrzebuj\u0105cym dzieciom\u201d<\/strong><\/p>\n<p>MINIMALNA ILO\u015a\u0106 ZAM\u00d3WIENIA \u2013 50 SZTUK<\/p>\n<p>2. <strong style=\"color: initial;\">KARTKI ELEKTRONICZNE<\/strong><\/p>\n<p>Na stronie www.sosdladzieci.pl dost\u0119pne s\u0105 wersje elektroniczne kartek papierowych z obu<br \/>\nkolekcji &#8211; A i B z mo\u017cliwo\u015bci\u0105 dodania logo i \u017cycze\u0144<br \/>\n1. <strong>Kartki statyczne<\/strong>\u00a0cena 800 z\u0142 (przy zam\u00f3wieniu razem z kartkami papierowymi cena 500 z\u0142)*<br \/>\n2.<a href=\"https:\/\/wioskisos.org\/kartki-swiateczne\/e-katka\/\"> <strong>Kartka w formacie<\/strong> gif<\/a> cena 1200 z\u0142 (przy zam\u00f3wieniu razem z kartkami papierowymi cena 900 z\u0142)*<br \/>\n3. <strong>Baner na fb\/www<\/strong> 1000 z\u0142 (przy zam\u00f3wieniu razem z kartkami papierowymi cena 700 z\u0142)*<br \/>\n4.<strong> Pakiet: e-kartka w formie gif \u2013 baner na fb\/www<\/strong> 2000 z\u0142 (przy zam\u00f3wieniu razem z kartkami<br \/>\npapierowymi cena 1500 z\u0142)*<br \/>\n5. <strong>Kartki animowane d\u017awi\u0119kowe<\/strong> (\u201eMiko\u0142aj\u201d, \u201eChoinka\u201d, do zobaczenia na www.sosdladzieci.pl): 2.000 z\u0142<br \/>\n<em>*W podanych cenach netto zamieszczamy projekt \u017cycze\u0144 z logo firmy, analogiczny jak na kartkach <\/em><br \/>\n<em>papierowych<\/em><\/p>\n","protected":false},"excerpt":{"rendered":"<p>KARTKI PAPIEROWE\/ minimalna ilo\u015b\u0107 zam\u00f3wienia \u2013 50 sztuk karnet\u00f3w. W tym roku oferujemy Pa\u0144stwu karnety \u015bwi\u0105teczne w ramach dw\u00f3ch kolekcji: A i B. Kolekcja A &#8211; nowo\u015bci &#8211; kartki zaprojektowane przez znanych rysownik\u00f3w i grafik\u00f3w, kt\u00f3re&#8230; <a class=\"more\" href=\"https:\/\/wioskisos.org\/kartki-swiateczne\/cennik\/\"> Wi\u0119cej &rarr;<\/a><\/p>\n","protected":false},"author":1,"featured_media":0,"parent":0,"menu_order":0,"comment_status":"closed","ping_status":"closed","template":"page-cennik.php","meta":{"footnotes":""},"acf":[],"aioseo_notices":[],"_links":{"self":[{"href":"https:\/\/wioskisos.org\/kartki-swiateczne\/wp-json\/wp\/v2\/pages\/904"}],"collection":[{"href":"https:\/\/wioskisos.org\/kartki-swiateczne\/wp-json\/wp\/v2\/pages"}],"about":[{"href":"https:\/\/wioskisos.org\/kartki-swiateczne\/wp-json\/wp\/v2\/types\/page"}],"author":[{"embeddable":true,"href":"https:\/\/wioskisos.org\/kartki-swiateczne\/wp-json\/wp\/v2\/users\/1"}],"replies":[{"embeddable":true,"href":"https:\/\/wioskisos.org\/kartki-swiateczne\/wp-json\/wp\/v2\/comments?post=904"}],"version-history":[{"count":29,"href":"https:\/\/wioskisos.org\/kartki-swiateczne\/wp-json\/wp\/v2\/pages\/904\/revisions"}],"predecessor-version":[{"id":1373,"href":"https:\/\/wioskisos.org\/kartki-swiateczne\/wp-json\/wp\/v2\/pages\/904\/revisions\/1373"}],"wp:attachment":[{"href":"https:\/\/wioskisos.org\/kartki-swiateczne\/wp-json\/wp\/v2\/media?parent=904"}],"curies":[{"name":"wp","href":"https:\/\/api.w.org\/{rel}","templated":true}]}}