{"id":872,"date":"2021-02-16T14:09:19","date_gmt":"2021-02-16T13:09:19","guid":{"rendered":"https:\/\/wioskisos.org\/kartki-swiateczne\/?page_id=872"},"modified":"2025-11-04T11:53:11","modified_gmt":"2025-11-04T10:53:11","slug":"bozenarodzenie","status":"publish","type":"page","link":"https:\/\/wioskisos.org\/kartki-swiateczne\/bozenarodzenie\/","title":{"rendered":"Charytatywne kartki \u015bwi\u0105teczne dla firm"},"content":{"rendered":"<h3><img decoding=\"async\" loading=\"lazy\" class=\"aligncenter wp-image-1361 size-full colorbox-872\" src=\"https:\/\/wioskisos.org\/kartki-swiateczne\/wp-content\/uploads\/2025\/10\/Projekt-bez-nazwy-4.jpg\" alt=\"\" width=\"2000\" height=\"600\" srcset=\"https:\/\/wioskisos.org\/kartki-swiateczne\/wp-content\/uploads\/2025\/10\/Projekt-bez-nazwy-4.jpg 2000w, https:\/\/wioskisos.org\/kartki-swiateczne\/wp-content\/uploads\/2025\/10\/Projekt-bez-nazwy-4-300x90.jpg 300w, https:\/\/wioskisos.org\/kartki-swiateczne\/wp-content\/uploads\/2025\/10\/Projekt-bez-nazwy-4-1024x307.jpg 1024w, https:\/\/wioskisos.org\/kartki-swiateczne\/wp-content\/uploads\/2025\/10\/Projekt-bez-nazwy-4-768x230.jpg 768w, https:\/\/wioskisos.org\/kartki-swiateczne\/wp-content\/uploads\/2025\/10\/Projekt-bez-nazwy-4-1536x461.jpg 1536w\" sizes=\"(max-width: 2000px) 100vw, 2000px\" \/><\/h3>\n<h2 data-start=\"343\" data-end=\"411\" data-olk-copy-source=\"MessageBody\">Niezwyk\u0142e kartki \u015bwi\u0105teczne od znanych polskich ilustratorek<\/h2>\n<h3 data-start=\"412\" data-end=\"487\"><strong data-start=\"412\" data-end=\"487\" data-olk-copy-source=\"MessageBody\">Wspieraj dzieci i podaruj magi\u0119 \u015bwi\u0105t z wyj\u0105tkow\u0105 warto\u015bci\u0105 artystyczn\u0105<\/strong><\/h3>\n<p data-start=\"489\" data-end=\"738\">Nasze tegoroczne kartki zaprojektowa\u0142y\u00a0<strong data-start=\"528\" data-end=\"568\">znane i cenione polskie ilustratorki<\/strong>, kt\u00f3rych prace pokocha\u0142y tysi\u0105ce ma\u0142ych i du\u017cych czytelnik\u00f3w. Ka\u017cda kartka to\u00a0<strong data-start=\"647\" data-end=\"667\">autorski projekt<\/strong>\u00a0\u2013 ma\u0142a \u015bwi\u0105teczna opowie\u015b\u0107 nios\u0105ca ciep\u0142o, serce i wyj\u0105tkow\u0105 estetyk\u0119.<\/p>\n<h3 data-start=\"745\" data-end=\"774\">&#x1f539;Poznaj autorki kartek:<\/h3>\n<p data-start=\"776\" data-end=\"957\"><strong data-start=\"776\" data-end=\"795\">&#x2b50; Marianna Sztyma<\/strong>\u00a0(kartka 1A) \u2013 ilustratorka, malarka, felietonistka, znana z ilustracji do ksi\u0105\u017cek dla dzieci i m\u0142odzie\u017cy oraz publikacji w \u201eZwierciadle\u201d czy \u201eWysokich Obcasach\u201d.<\/p>\n<p data-start=\"959\" data-end=\"1131\"><strong data-start=\"959\" data-end=\"981\">&#x2b50; Agnieszka \u017belewska<\/strong>\u00a0(kartka 2A) \u2013 wielokrotnie nagradzana ilustratorka, autorka ciep\u0142ych, rozpoznawalnych prac m.in. do serii \u201eTupcio Chrupcio\u201d i \u201eZosia z ulicy Kociej\u201d.<\/p>\n<p data-start=\"1133\" data-end=\"1324\"><strong data-start=\"1133\" data-end=\"1151\">&#x2b50; Emilia Dziubak<\/strong>\u00a0(kartka 3A) \u2013 jedna z najbardziej znanych polskich ilustratorek na \u015bwiecie, wsp\u00f3\u0142autorka bestseller\u00f3w takich jak\u00a0<em data-start=\"1265\" data-end=\"1278\">Rok w lesie<\/em>,\u00a0<em data-start=\"1280\" data-end=\"1298\">Co robi\u0105 uczucia<\/em>,\u00a0<em data-start=\"1300\" data-end=\"1323\">Prosz\u0119 mnie przytuli\u0107<\/em>.<\/p>\n<p data-start=\"1326\" data-end=\"1464\"><strong data-start=\"1326\" data-end=\"1347\">&#x2b50; Agnieszka Hawa\u0142ej<\/strong>\u00a0(kartka 4A) \u2013 graficzka i ilustratorka, tworzy delikatne, nastrojowe prace inspirowane \u015bwiatem natury i dzieci\u0144stwa.<\/p>\n<p data-start=\"1466\" data-end=\"1600\"><strong data-start=\"1466\" data-end=\"1486\">&#x2b50; Natalia Tilszner<\/strong>\u00a0(kartka 5A) \u2013 ilustratorka i projektantka graficzna, \u0142\u0105czy tradycyjne techniki z nowoczesnym podej\u015bciem do formy.<\/p>\n<p data-start=\"1602\" data-end=\"1823\"><strong data-start=\"1602\" data-end=\"1616\">Dodatkowo:<\/strong>\u00a0powracamy z uwielbian\u0105 kartk\u0105 z zesz\u0142orocznej kolekcji autorstwa\u00a0<strong data-start=\"1682\" data-end=\"1707\">Andrzeja Tylkowskiego<\/strong>\u00a0\u2013 artysty znanego z poetyckich, nastrojowych ilustracji, kt\u00f3re od lat zachwycaj\u0105 swoim spokojem, humorem i ciep\u0142em.<\/p>\n<h3 data-start=\"1830\" data-end=\"1877\">&#x1f539;Pom\u00f3\u017c dzieciom opuszczonym i osieroconym<\/h3>\n<p data-start=\"1879\" data-end=\"2126\">Kupuj\u0105c kartki,\u00a0<strong data-start=\"1895\" data-end=\"1959\">podarujesz dzieciom szcz\u0119\u015bliwe dzieci\u0144stwo i rodzinne \u015bwi\u0119ta<\/strong>.<br \/>\n&#x1f449;\u00a0<strong data-start=\"1966\" data-end=\"1981\">55% dochodu<\/strong>\u00a0ze sprzeda\u017cy trafia bezpo\u015brednio do podopiecznych\u00a0<strong data-start=\"2032\" data-end=\"2067\">SOS Wiosek Dzieci\u0119cych w Polsce<\/strong>\u00a0\u2013 to realna pomoc w budowaniu ich bezpiecznej przysz\u0142o\u015bci.<\/p>\n<h3 data-start=\"2133\" data-end=\"2155\">&#x1f539;Dlaczego warto?<\/h3>\n<ul data-start=\"2157\" data-end=\"2443\">\n<li data-start=\"2157\" data-end=\"2197\">\n<p data-start=\"2159\" data-end=\"2197\">Kartki \u0142\u0105cz\u0105\u00a0<strong data-start=\"2172\" data-end=\"2197\">sztuk\u0119, serce i pomoc<\/strong><\/p>\n<\/li>\n<li data-start=\"2198\" data-end=\"2250\">\n<p data-start=\"2200\" data-end=\"2250\">Ka\u017cdy zakup to\u00a0<strong data-start=\"2215\" data-end=\"2250\">konkretna forma wsparcia dzieci<\/strong><\/p>\n<\/li>\n<li data-start=\"2251\" data-end=\"2330\">\n<p data-start=\"2253\" data-end=\"2330\">To\u00a0<strong data-start=\"2256\" data-end=\"2288\">pi\u0119kny i warto\u015bciowy prezent<\/strong>\u00a0\u2013 zar\u00f3wno dla firm, jak i os\u00f3b prywatnych<\/p>\n<\/li>\n<li data-start=\"2331\" data-end=\"2443\">\n<p data-start=\"2333\" data-end=\"2443\">Od 2012 roku wsp\u00f3\u0142pracujemy z\u00a0<strong data-start=\"2363\" data-end=\"2388\">Wydawnictwem Ilustris<\/strong>, kt\u00f3re wspiera nas w tworzeniu tej wyj\u0105tkowej kolekcji<\/p>\n<p data-start=\"2333\" data-end=\"2443\">Zam\u00f3w ju\u017c teraz i spraw, by Twoje \u015bwi\u0119ta mia\u0142y g\u0142\u0119bszy sens.<\/p>\n<\/li>\n<\/ul>\n<h3>&#x1f539;Wzory kartek &#8211; w tym roku oferujemy Pa\u0144stwu karnety \u015bwi\u0105teczne w ramach dw\u00f3ch kolekcji: A i B<\/h3>\n<p><strong>Kolekcja A<\/strong> &#8211; Kartki zosta\u0142y wydrukowane na najwy\u017cszej jako\u015bci dwustronnym, ozdobnym kartonie<br \/>\no delikatnie fakturowanym charakterze w odcieniu naturalnej bieli o pi\u0119knej nazwie &#8222;\u015bnie\u017cna biel&#8221;.<br \/>\nPapier posiada certyfikat EFC oznaczaj\u0105cy ograniczenie negatywnego wp\u0142ywu produkcji na \u015brodowisko<br \/>\nnaturalne.<\/p>\n<p><strong>Specyfikacja:<\/strong><br \/>\n\u2022 format (po z\u0142o\u017ceniu): 118&#215;168 mm<br \/>\n\u2022 gramatura papieru: 250 g\/m2<br \/>\n\u2022 do karnet\u00f3w do\u0142\u0105czone s\u0105 bia\u0142e koperty z paskiem klej\u0105cym<\/p>\n<p><strong>Kolekcja B to kartki z zesz\u0142orocznej kolekcji, ta\u0144sze o 20%<\/strong><\/p>\n<p><strong>Specyfikacja:<\/strong><br \/>\n\u2022 format (po z\u0142o\u017ceniu): 118&#215;168 mm<br \/>\n\u2022 papier: bia\u0142a kreda 300g, uszlachetnienie foli\u0105 matow\u0105<br \/>\n\u2022 do karnet\u00f3w do\u0142\u0105czone s\u0105 bia\u0142e koperty z paskiem klej\u0105cym<\/p>\n<p><strong>Cennik:<\/strong><\/p>\n<p><strong>\u00a0<\/strong><strong>kolekcja A\u00a0 \u2013\u00a0 4,90 z\u0142 netto\/szt.<\/strong><\/p>\n<p><strong>\u00a0<\/strong><strong>kolekcja B\u00a0 \u2013 \u00a03,90 z\u0142 netto\/szt. <\/strong><\/p>\n<p><strong>Logotyp firmy i \u017cyczenia mog\u0105 zosta\u0107 wydrukowane w \u015brodku karnetu.<\/strong><\/p>\n","protected":false},"excerpt":{"rendered":"<p>Niezwyk\u0142e kartki \u015bwi\u0105teczne od znanych polskich ilustratorek Wspieraj dzieci i podaruj magi\u0119 \u015bwi\u0105t z wyj\u0105tkow\u0105 warto\u015bci\u0105 artystyczn\u0105 Nasze tegoroczne kartki zaprojektowa\u0142y\u00a0znane i cenione polskie ilustratorki, kt\u00f3rych prace pokocha\u0142y tysi\u0105ce ma\u0142ych i du\u017cych czytelnik\u00f3w. Ka\u017cda kartka to\u00a0autorski&#8230; <a class=\"more\" href=\"https:\/\/wioskisos.org\/kartki-swiateczne\/bozenarodzenie\/\"> Wi\u0119cej &rarr;<\/a><\/p>\n","protected":false},"author":1,"featured_media":0,"parent":0,"menu_order":0,"comment_status":"closed","ping_status":"closed","template":"page-wzory.php","meta":{"footnotes":""},"acf":[],"aioseo_notices":[],"_links":{"self":[{"href":"https:\/\/wioskisos.org\/kartki-swiateczne\/wp-json\/wp\/v2\/pages\/872"}],"collection":[{"href":"https:\/\/wioskisos.org\/kartki-swiateczne\/wp-json\/wp\/v2\/pages"}],"about":[{"href":"https:\/\/wioskisos.org\/kartki-swiateczne\/wp-json\/wp\/v2\/types\/page"}],"author":[{"embeddable":true,"href":"https:\/\/wioskisos.org\/kartki-swiateczne\/wp-json\/wp\/v2\/users\/1"}],"replies":[{"embeddable":true,"href":"https:\/\/wioskisos.org\/kartki-swiateczne\/wp-json\/wp\/v2\/comments?post=872"}],"version-history":[{"count":61,"href":"https:\/\/wioskisos.org\/kartki-swiateczne\/wp-json\/wp\/v2\/pages\/872\/revisions"}],"predecessor-version":[{"id":1423,"href":"https:\/\/wioskisos.org\/kartki-swiateczne\/wp-json\/wp\/v2\/pages\/872\/revisions\/1423"}],"wp:attachment":[{"href":"https:\/\/wioskisos.org\/kartki-swiateczne\/wp-json\/wp\/v2\/media?parent=872"}],"curies":[{"name":"wp","href":"https:\/\/api.w.org\/{rel}","templated":true}]}}