{"id":69,"date":"2017-07-30T13:35:34","date_gmt":"2017-07-30T11:35:34","guid":{"rendered":"https:\/\/wioskisos.org\/kartki-swiateczne\/?page_id=69"},"modified":"2024-10-09T15:09:51","modified_gmt":"2024-10-09T13:09:51","slug":"jak-zamowic","status":"publish","type":"page","link":"https:\/\/wioskisos.org\/kartki-swiateczne\/jak-zamowic\/","title":{"rendered":"Jak zam\u00f3wi\u0107"},"content":{"rendered":"<p>Je\u015bli chc\u0105 Pa\u0144stwo zam\u00f3wi\u0107 charytatywne kartki, prosimy wys\u0142a\u0107 wiadomo\u015b\u0107 poprzez formularz kontaktowy lub skontaktowa\u0107 si\u0119 telefonicznie. Brak mo\u017cliwo\u015bci zakupu online.<\/p>\n\n<div class=\"wpcf7 no-js\" id=\"wpcf7-f113-o1\" lang=\"pl-PL\" dir=\"ltr\">\n<div class=\"screen-reader-response\"><p role=\"status\" aria-live=\"polite\" aria-atomic=\"true\"><\/p> <ul><\/ul><\/div>\n<form action=\"\/kartki-swiateczne\/wp-json\/wp\/v2\/pages\/69#wpcf7-f113-o1\" method=\"post\" class=\"wpcf7-form init\" aria-label=\"Formularz kontaktowy\" novalidate=\"novalidate\" data-status=\"init\">\n<div style=\"display: none;\">\n<input type=\"hidden\" name=\"_wpcf7\" value=\"113\" \/>\n<input type=\"hidden\" name=\"_wpcf7_version\" value=\"5.8.1\" \/>\n<input type=\"hidden\" name=\"_wpcf7_locale\" value=\"pl_PL\" \/>\n<input type=\"hidden\" name=\"_wpcf7_unit_tag\" value=\"wpcf7-f113-o1\" \/>\n<input type=\"hidden\" name=\"_wpcf7_container_post\" value=\"0\" \/>\n<input type=\"hidden\" name=\"_wpcf7_posted_data_hash\" value=\"\" \/>\n<input type=\"hidden\" name=\"_wpcf7_recaptcha_response\" value=\"\" \/>\n<\/div>\n<p><label> <span class=\"wpcf7-form-control-wrap\" data-name=\"your-name\"><input size=\"40\" class=\"wpcf7-form-control wpcf7-text wpcf7-validates-as-required\" aria-required=\"true\" aria-invalid=\"false\" placeholder=\"Imi\u0119 i nazwisko\" value=\"\" type=\"text\" name=\"your-name\" \/><\/span> <\/label><br \/>\n<label> <span class=\"wpcf7-form-control-wrap\" data-name=\"telefon\"><input size=\"40\" class=\"wpcf7-form-control wpcf7-tel wpcf7-text wpcf7-validates-as-tel\" aria-invalid=\"false\" placeholder=\"Numer telefonu\" value=\"\" type=\"tel\" name=\"telefon\" \/><\/span> <\/label><br \/>\n<label> <span class=\"wpcf7-form-control-wrap\" data-name=\"your-email\"><input size=\"40\" class=\"wpcf7-form-control wpcf7-email wpcf7-validates-as-required wpcf7-text wpcf7-validates-as-email\" aria-required=\"true\" aria-invalid=\"false\" placeholder=\"E-mail\" value=\"\" type=\"email\" name=\"your-email\" \/><\/span> <\/label>\n<\/p>\n<p><label> <span class=\"wpcf7-form-control-wrap\" data-name=\"your-message\"><textarea cols=\"40\" rows=\"10\" class=\"wpcf7-form-control wpcf7-textarea\" aria-invalid=\"false\" placeholder=\"Wiadomo\u015b\u0107\" name=\"your-message\"><\/textarea><\/span> <\/label>\n<\/p>\n<p><input class=\"wpcf7-form-control wpcf7-submit has-spinner\" type=\"submit\" value=\"Wy\u015blij\" \/>\n<\/p><div class=\"wpcf7-response-output\" aria-hidden=\"true\"><\/div>\n<\/form>\n<\/div>\n\n","protected":false},"excerpt":{"rendered":"<p>Je\u015bli chc\u0105 Pa\u0144stwo zam\u00f3wi\u0107 charytatywne kartki, prosimy wys\u0142a\u0107 wiadomo\u015b\u0107 poprzez formularz kontaktowy lub skontaktowa\u0107 si\u0119 telefonicznie. Brak mo\u017cliwo\u015bci zakupu online.<\/p>\n","protected":false},"author":1,"featured_media":0,"parent":0,"menu_order":0,"comment_status":"closed","ping_status":"closed","template":"page-contact.php","meta":{"footnotes":""},"acf":[],"aioseo_notices":[],"_links":{"self":[{"href":"https:\/\/wioskisos.org\/kartki-swiateczne\/wp-json\/wp\/v2\/pages\/69"}],"collection":[{"href":"https:\/\/wioskisos.org\/kartki-swiateczne\/wp-json\/wp\/v2\/pages"}],"about":[{"href":"https:\/\/wioskisos.org\/kartki-swiateczne\/wp-json\/wp\/v2\/types\/page"}],"author":[{"embeddable":true,"href":"https:\/\/wioskisos.org\/kartki-swiateczne\/wp-json\/wp\/v2\/users\/1"}],"replies":[{"embeddable":true,"href":"https:\/\/wioskisos.org\/kartki-swiateczne\/wp-json\/wp\/v2\/comments?post=69"}],"version-history":[{"count":23,"href":"https:\/\/wioskisos.org\/kartki-swiateczne\/wp-json\/wp\/v2\/pages\/69\/revisions"}],"predecessor-version":[{"id":1321,"href":"https:\/\/wioskisos.org\/kartki-swiateczne\/wp-json\/wp\/v2\/pages\/69\/revisions\/1321"}],"wp:attachment":[{"href":"https:\/\/wioskisos.org\/kartki-swiateczne\/wp-json\/wp\/v2\/media?parent=69"}],"curies":[{"name":"wp","href":"https:\/\/api.w.org\/{rel}","templated":true}]}}