{"id":67,"date":"2017-07-30T13:34:09","date_gmt":"2017-07-30T11:34:09","guid":{"rendered":"https:\/\/wioskisos.org\/kartki-swiateczne\/?page_id=67"},"modified":"2025-10-17T17:53:58","modified_gmt":"2025-10-17T15:53:58","slug":"teksty-zyczen-2","status":"publish","type":"page","link":"https:\/\/wioskisos.org\/kartki-swiateczne\/teksty-zyczen-2\/","title":{"rendered":"Teksty \u017cycze\u0144"},"content":{"rendered":"<p style=\"text-align: center;\">Prezentujemy przyk\u0142adowe teksty \u017cycze\u0144, istnieje mo\u017cliwo\u015b\u0107 zakupu pustych kartek lub zaprojektowania w\u0142asnych \u017cycze\u0144.<\/p>\n","protected":false},"excerpt":{"rendered":"<p>Prezentujemy przyk\u0142adowe teksty \u017cycze\u0144, istnieje mo\u017cliwo\u015b\u0107 zakupu pustych kartek lub zaprojektowania w\u0142asnych \u017cycze\u0144.<\/p>\n","protected":false},"author":1,"featured_media":0,"parent":0,"menu_order":0,"comment_status":"closed","ping_status":"closed","template":"page-zyczenia.php","meta":{"footnotes":""},"acf":[],"aioseo_notices":[],"_links":{"self":[{"href":"https:\/\/wioskisos.org\/kartki-swiateczne\/wp-json\/wp\/v2\/pages\/67"}],"collection":[{"href":"https:\/\/wioskisos.org\/kartki-swiateczne\/wp-json\/wp\/v2\/pages"}],"about":[{"href":"https:\/\/wioskisos.org\/kartki-swiateczne\/wp-json\/wp\/v2\/types\/page"}],"author":[{"embeddable":true,"href":"https:\/\/wioskisos.org\/kartki-swiateczne\/wp-json\/wp\/v2\/users\/1"}],"replies":[{"embeddable":true,"href":"https:\/\/wioskisos.org\/kartki-swiateczne\/wp-json\/wp\/v2\/comments?post=67"}],"version-history":[{"count":24,"href":"https:\/\/wioskisos.org\/kartki-swiateczne\/wp-json\/wp\/v2\/pages\/67\/revisions"}],"predecessor-version":[{"id":1435,"href":"https:\/\/wioskisos.org\/kartki-swiateczne\/wp-json\/wp\/v2\/pages\/67\/revisions\/1435"}],"wp:attachment":[{"href":"https:\/\/wioskisos.org\/kartki-swiateczne\/wp-json\/wp\/v2\/media?parent=67"}],"curies":[{"name":"wp","href":"https:\/\/api.w.org\/{rel}","templated":true}]}}