{"id":56,"date":"2017-07-30T13:20:12","date_gmt":"2017-07-30T11:20:12","guid":{"rendered":"https:\/\/wioskisos.org\/kartki-swiateczne\/?page_id=56"},"modified":"2025-10-01T13:59:33","modified_gmt":"2025-10-01T11:59:33","slug":"dla-firm","status":"publish","type":"page","link":"https:\/\/wioskisos.org\/kartki-swiateczne\/dla-firm\/","title":{"rendered":"O nas"},"content":{"rendered":"<p>Stowarzyszenie SOS Wioski Dzieci\u0119ce w Polsce to organizacja dobroczynna, kt\u00f3ra opiekuje si\u0119 dzie\u0107mi opuszczonymi, osieroconymi oraz zagro\u017conymi utrat\u0105 opieki rodzicielskiej. Nale\u017cymy do mi\u0119dzynarodowego Stowarzyszenia SOS Kinderdorf International, kt\u00f3re dzia\u0142a w 137 krajach.<\/p>\n<p>Stowarzyszenie SOS Wioski Dzieci\u0119ce w Polsce to organizacja dobroczynna, kt\u00f3ra opiekuje si\u0119<br \/>\nopuszczonymi i osieroconymi dzie\u0107mi oraz tymi z rodzin z wieloma problemami. Dzia\u0142amy w Polsce<br \/>\nod 40 lat i w 2024 r. mieli\u015bmy pod opiek\u0105 2 489 polskich dzieci i doros\u0142ych. Jeste\u015bmy cz\u0119\u015bci\u0105<br \/>\nmi\u0119dzynarodowej organizacji SOS Children\u2019s Villages.<br \/>\n<strong>NASZA WIZJA<\/strong><br \/>\nKa\u017cde dziecko dorasta w rodzinie, otoczone mi\u0142o\u015bci\u0105, szacunkiem i poczuciem bezpiecze\u0144stwa.<br \/>\n<strong>NASZA MISJA<\/strong><br \/>\n\u2014 Tworzymy rodziny dla potrzebuj\u0105cych dzieci.<br \/>\n\u2014 Wspieramy rodziny w kryzysie, aby mog\u0142y wykorzysta\u0107 sw\u00f3j potencja\u0142 i \u017cy\u0107 w pe\u0142ni funkcyjnie.<br \/>\n\u2014 Pomagamy dzieciom w kszta\u0142towaniu swojej przysz\u0142o\u015bci.<br \/>\n\u2014 Uczestniczymy w rozwoju wsp\u00f3lnot lokalnych.<\/p>\n<p><strong>Mo\u017cesz podarowa\u0107 dzieciom szcz\u0119\u015bliwe dzieci\u0144stwo i rodzinne \u015bwi\u0119ta. Kartki \u015bwi\u0105teczne dla firm to nie tylko produkt, ale r\u00f3wnie\u017c idea niesienia pomocy dzieciom opuszczonym i osieroconym.<\/strong><\/p>\n<p>Od 2012 roku Stowarzyszenie wsp\u00f3\u0142pracuje z <em>Wydawnictwem Ilustris<\/em> w zakresie produkcji i sprzeda\u017cy kartek \u015bwi\u0105tecznych. Unikatowe wzory i wysoka jako\u015b\u0107 to znak rozpoznawczy charytatywnych kart \u015bwi\u0105tecznych, kt\u00f3re <em>Ilustris<\/em> projektuje specjalnie dla Stowarzyszenia. \u0141\u0105cznie 50% ze sprzeda\u017cy kartek jest przeznaczanych na pomoc naszym podopiecznym.<\/p>\n<p><strong>Ka\u017cda zakupiona kartka to szansa dla dzieci na bezpieczne dzieci\u0144stwo i lepsz\u0105 przysz\u0142o\u015b\u0107!<\/strong><\/p>\n","protected":false},"excerpt":{"rendered":"<p>Stowarzyszenie SOS Wioski Dzieci\u0119ce w Polsce to organizacja dobroczynna, kt\u00f3ra opiekuje si\u0119 dzie\u0107mi opuszczonymi, osieroconymi oraz zagro\u017conymi utrat\u0105 opieki rodzicielskiej. Nale\u017cymy do mi\u0119dzynarodowego Stowarzyszenia SOS Kinderdorf International, kt\u00f3re dzia\u0142a w 137 krajach. Stowarzyszenie SOS Wioski Dzieci\u0119ce&#8230; <a class=\"more\" href=\"https:\/\/wioskisos.org\/kartki-swiateczne\/dla-firm\/\"> Wi\u0119cej &rarr;<\/a><\/p>\n","protected":false},"author":1,"featured_media":0,"parent":0,"menu_order":0,"comment_status":"closed","ping_status":"closed","template":"page-bigimg.php","meta":{"footnotes":""},"acf":[],"aioseo_notices":[],"_links":{"self":[{"href":"https:\/\/wioskisos.org\/kartki-swiateczne\/wp-json\/wp\/v2\/pages\/56"}],"collection":[{"href":"https:\/\/wioskisos.org\/kartki-swiateczne\/wp-json\/wp\/v2\/pages"}],"about":[{"href":"https:\/\/wioskisos.org\/kartki-swiateczne\/wp-json\/wp\/v2\/types\/page"}],"author":[{"embeddable":true,"href":"https:\/\/wioskisos.org\/kartki-swiateczne\/wp-json\/wp\/v2\/users\/1"}],"replies":[{"embeddable":true,"href":"https:\/\/wioskisos.org\/kartki-swiateczne\/wp-json\/wp\/v2\/comments?post=56"}],"version-history":[{"count":32,"href":"https:\/\/wioskisos.org\/kartki-swiateczne\/wp-json\/wp\/v2\/pages\/56\/revisions"}],"predecessor-version":[{"id":1347,"href":"https:\/\/wioskisos.org\/kartki-swiateczne\/wp-json\/wp\/v2\/pages\/56\/revisions\/1347"}],"wp:attachment":[{"href":"https:\/\/wioskisos.org\/kartki-swiateczne\/wp-json\/wp\/v2\/media?parent=56"}],"curies":[{"name":"wp","href":"https:\/\/api.w.org\/{rel}","templated":true}]}}