{"id":350,"date":"2018-02-20T15:47:37","date_gmt":"2018-02-20T14:47:37","guid":{"rendered":"https:\/\/wioskisos.org\/kartki-swiateczne\/?page_id=350"},"modified":"2025-10-09T12:25:53","modified_gmt":"2025-10-09T10:25:53","slug":"strona-glowna-2","status":"publish","type":"page","link":"https:\/\/wioskisos.org\/kartki-swiateczne\/","title":{"rendered":"Strona g\u0142\u00f3wna"},"content":{"rendered":"<p>Zam\u00f3w charytatywne <em>kartki \u015bwi\u0105teczne<\/em> i pom\u00f3\u017c opuszczonym i osieroconym dzieciom. Mo\u017cesz podarowa\u0107 dzieciom szcz\u0119\u015bliwe dzieci\u0144stwo i rodzinne \u015bwi\u0119ta.<\/p>\n","protected":false},"excerpt":{"rendered":"<p>Zam\u00f3w charytatywne kartki \u015bwi\u0105teczne i pom\u00f3\u017c opuszczonym i osieroconym dzieciom. Mo\u017cesz podarowa\u0107 dzieciom szcz\u0119\u015bliwe dzieci\u0144stwo i rodzinne \u015bwi\u0119ta.<\/p>\n","protected":false},"author":1,"featured_media":0,"parent":0,"menu_order":0,"comment_status":"closed","ping_status":"open","template":"page-home.php","meta":{"footnotes":""},"acf":[],"aioseo_notices":[],"_links":{"self":[{"href":"https:\/\/wioskisos.org\/kartki-swiateczne\/wp-json\/wp\/v2\/pages\/350"}],"collection":[{"href":"https:\/\/wioskisos.org\/kartki-swiateczne\/wp-json\/wp\/v2\/pages"}],"about":[{"href":"https:\/\/wioskisos.org\/kartki-swiateczne\/wp-json\/wp\/v2\/types\/page"}],"author":[{"embeddable":true,"href":"https:\/\/wioskisos.org\/kartki-swiateczne\/wp-json\/wp\/v2\/users\/1"}],"replies":[{"embeddable":true,"href":"https:\/\/wioskisos.org\/kartki-swiateczne\/wp-json\/wp\/v2\/comments?post=350"}],"version-history":[{"count":71,"href":"https:\/\/wioskisos.org\/kartki-swiateczne\/wp-json\/wp\/v2\/pages\/350\/revisions"}],"predecessor-version":[{"id":1404,"href":"https:\/\/wioskisos.org\/kartki-swiateczne\/wp-json\/wp\/v2\/pages\/350\/revisions\/1404"}],"wp:attachment":[{"href":"https:\/\/wioskisos.org\/kartki-swiateczne\/wp-json\/wp\/v2\/media?parent=350"}],"curies":[{"name":"wp","href":"https:\/\/api.w.org\/{rel}","templated":true}]}}