{"id":188,"date":"2017-08-30T13:58:37","date_gmt":"2017-08-30T11:58:37","guid":{"rendered":"https:\/\/wioskisos.org\/kartki-swiateczne\/?page_id=188"},"modified":"2025-10-16T10:11:54","modified_gmt":"2025-10-16T08:11:54","slug":"e-katka","status":"publish","type":"page","link":"https:\/\/wioskisos.org\/kartki-swiateczne\/e-katka\/","title":{"rendered":"E-KARTKI"},"content":{"rendered":"\n<ul>\n<li><strong>kartka w formacie gif<\/strong> cena 1200 z\u0142 (przy zam\u00f3wieniu razem z kartkami papierowymi cena 900 z\u0142)*<\/li>\n\n\n\n<li><strong>baner na fb\/www<\/strong> 1000 z\u0142 (przy zam\u00f3wieniu razem z kartkami papierowymi cena 700 z\u0142)*<\/li>\n\n\n\n<li><strong>pakiet: e-kartka w formie gif<\/strong> \u2013 baner na fb\/www 2000 z\u0142 (przy zam\u00f3wieniu razem z kartkami<br>papierowymi cena 1500 z\u0142)*<br>*W podanych cenach netto zamieszczamy projekt \u017cycze\u0144 z logo firmy, analogiczny jak na kartkach papierowych<\/li>\n<\/ul>\n","protected":false},"excerpt":{"rendered":"","protected":false},"author":1,"featured_media":0,"parent":0,"menu_order":0,"comment_status":"closed","ping_status":"closed","template":"page-wzory.php","meta":{"footnotes":""},"acf":[],"aioseo_notices":[],"_links":{"self":[{"href":"https:\/\/wioskisos.org\/kartki-swiateczne\/wp-json\/wp\/v2\/pages\/188"}],"collection":[{"href":"https:\/\/wioskisos.org\/kartki-swiateczne\/wp-json\/wp\/v2\/pages"}],"about":[{"href":"https:\/\/wioskisos.org\/kartki-swiateczne\/wp-json\/wp\/v2\/types\/page"}],"author":[{"embeddable":true,"href":"https:\/\/wioskisos.org\/kartki-swiateczne\/wp-json\/wp\/v2\/users\/1"}],"replies":[{"embeddable":true,"href":"https:\/\/wioskisos.org\/kartki-swiateczne\/wp-json\/wp\/v2\/comments?post=188"}],"version-history":[{"count":46,"href":"https:\/\/wioskisos.org\/kartki-swiateczne\/wp-json\/wp\/v2\/pages\/188\/revisions"}],"predecessor-version":[{"id":1419,"href":"https:\/\/wioskisos.org\/kartki-swiateczne\/wp-json\/wp\/v2\/pages\/188\/revisions\/1419"}],"wp:attachment":[{"href":"https:\/\/wioskisos.org\/kartki-swiateczne\/wp-json\/wp\/v2\/media?parent=188"}],"curies":[{"name":"wp","href":"https:\/\/api.w.org\/{rel}","templated":true}]}}