{"id":164,"date":"2017-08-30T10:31:21","date_gmt":"2017-08-30T08:31:21","guid":{"rendered":"https:\/\/wioskisos.org\/kartki-swiateczne\/?page_id=164"},"modified":"2021-11-19T13:31:23","modified_gmt":"2021-11-19T12:31:23","slug":"kolekcja-a","status":"publish","type":"page","link":"https:\/\/wioskisos.org\/kartki-swiateczne\/kolekcja-a\/","title":{"rendered":"Wzory kartek"},"content":{"rendered":"<table style=\"width: 100%;\">\n<tbody>\n<tr>\n<td><span style=\"color: #009ee0;\"><strong>Kolekcja A 2021 &#8211;\u00a0nowy, wi\u0119kszy format<\/strong><\/span><\/p>\n<p>Specyfikacja:<\/p>\n<ul>\n<li><strong>format (po z\u0142o\u017ceniu): <\/strong>118&#215;168 mm<\/li>\n<li>papier: bia\u0142a kreda 300g, uszlachetnienie foli\u0105 matow\u0105<\/li>\n<li>do karnet\u00f3w do\u0142\u0105czone s\u0105 bia\u0142e koperty z paskiem klej\u0105cym<\/li>\n<\/ul>\n<\/td>\n<td><span style=\"color: #009ee0;\"><strong>Kolekcja B\u00a0<\/strong><\/span>&#8211; kartki z zesz\u0142orocznej kolekcji, ilo\u015bci ograniczone<\/p>\n<p>Specyfikacja:<\/p>\n<ul>\n<li><strong>format (po z\u0142o\u017ceniu): <\/strong>111&#215;158 mm<\/li>\n<li>papier: bia\u0142a kreda 300g, uszlachetnienie foli\u0105 matow\u0105<\/li>\n<li>do karnet\u00f3w do\u0142\u0105czone s\u0105 bia\u0142e koperty<\/li>\n<\/ul>\n<\/td>\n<\/tr>\n<\/tbody>\n<\/table>\n<div id=\"gtx-trans\" style=\"position: absolute; left: 132px; top: 5.8px;\">\n<div class=\"gtx-trans-icon\"><\/div>\n<\/div>\n","protected":false},"excerpt":{"rendered":"<p>Kolekcja A 2021 &#8211;\u00a0nowy, wi\u0119kszy format Specyfikacja: format (po z\u0142o\u017ceniu): 118&#215;168 mm papier: bia\u0142a kreda 300g, uszlachetnienie foli\u0105 matow\u0105 do karnet\u00f3w do\u0142\u0105czone s\u0105 bia\u0142e koperty z paskiem klej\u0105cym Kolekcja B\u00a0&#8211; kartki z zesz\u0142orocznej kolekcji, ilo\u015bci ograniczone&#8230; <a class=\"more\" href=\"https:\/\/wioskisos.org\/kartki-swiateczne\/kolekcja-a\/\"> Wi\u0119cej &rarr;<\/a><\/p>\n","protected":false},"author":1,"featured_media":0,"parent":0,"menu_order":0,"comment_status":"closed","ping_status":"closed","template":"page-wzory.php","meta":{"footnotes":""},"acf":[],"aioseo_notices":[],"_links":{"self":[{"href":"https:\/\/wioskisos.org\/kartki-swiateczne\/wp-json\/wp\/v2\/pages\/164"}],"collection":[{"href":"https:\/\/wioskisos.org\/kartki-swiateczne\/wp-json\/wp\/v2\/pages"}],"about":[{"href":"https:\/\/wioskisos.org\/kartki-swiateczne\/wp-json\/wp\/v2\/types\/page"}],"author":[{"embeddable":true,"href":"https:\/\/wioskisos.org\/kartki-swiateczne\/wp-json\/wp\/v2\/users\/1"}],"replies":[{"embeddable":true,"href":"https:\/\/wioskisos.org\/kartki-swiateczne\/wp-json\/wp\/v2\/comments?post=164"}],"version-history":[{"count":71,"href":"https:\/\/wioskisos.org\/kartki-swiateczne\/wp-json\/wp\/v2\/pages\/164\/revisions"}],"predecessor-version":[{"id":1039,"href":"https:\/\/wioskisos.org\/kartki-swiateczne\/wp-json\/wp\/v2\/pages\/164\/revisions\/1039"}],"wp:attachment":[{"href":"https:\/\/wioskisos.org\/kartki-swiateczne\/wp-json\/wp\/v2\/media?parent=164"}],"curies":[{"name":"wp","href":"https:\/\/api.w.org\/{rel}","templated":true}]}}