{"id":1148,"date":"2023-03-27T11:06:09","date_gmt":"2023-03-27T09:06:09","guid":{"rendered":"https:\/\/wioskisos.org\/kartki-swiateczne\/?page_id=1148"},"modified":"2024-02-26T20:12:13","modified_gmt":"2024-02-26T19:12:13","slug":"cennik-wielkanoc","status":"publish","type":"page","link":"https:\/\/wioskisos.org\/kartki-swiateczne\/cennik-wielkanoc\/","title":{"rendered":"Cennik Wielkanoc"},"content":{"rendered":"<p><strong>KARNETY PAPIEROWE\/ minimalna ilo\u015b\u0107 zam\u00f3wienia \u2013 50 sztuk karnet\u00f3w.<\/strong><\/p>\n<p>W tym roku oferujemy Pa\u0144stwu karnety \u015bwi\u0105teczne w ramach dw\u00f3ch kolekcji: A i B.<\/p>\n<p><strong style=\"color: #009ee0;\">Karnet \u015bwi\u0105teczny z bia\u0142\u0105 kopert\u0105 z bia\u0142\u0105 kopert\u0105 &#8211;<\/strong><strong> 4,60 z\u0142 netto\/1 szt.<\/strong><\/p>\n<p>&#x25aa; format (po z\u0142o\u017ceniu): 158&#215;111 mm<br \/>\n&#x25aa; papier: bia\u0142a kreda 300g, uszlachetnienie foli\u0105 matow\u0105<\/p>\n<p><strong style=\"color: #009ee0;\">Nadruk wewn\u0105trz karnet\u00f3w (\u017cyczenia \u015bwi\u0105teczne, logo firmy) cena dotyczy 1 projektu:<\/strong><\/p>\n<table id=\"responsive-example-table\" class=\"cennik stacktable large-only\">\n<tbody>\n<tr class=\"top\" bgcolor=\"#009ee0\">\n<td bgcolor=\"#009ee0\"><span style=\"color: #ffffff;\"><strong>Nak\u0142ad w szt.<\/strong><\/span><\/td>\n<td style=\"text-align: center;\" bgcolor=\"#009ee0\"><span style=\"color: #ffffff;\"><strong>50-100<\/strong><\/span><\/td>\n<td style=\"text-align: center;\" bgcolor=\"#009ee0\"><span style=\"color: #ffffff;\"><strong>101-500<\/strong><\/span><\/td>\n<td style=\"text-align: center;\" bgcolor=\"#009ee0\"><span style=\"color: #ffffff;\"><strong>501-1000<\/strong><\/span><\/td>\n<td style=\"text-align: center;\" bgcolor=\"#009ee0\"><span style=\"color: #ffffff;\"><strong>1001-3000<\/strong><\/span><\/td>\n<td style=\"text-align: center;\" bgcolor=\"#009ee0\"><span style=\"color: #ffffff;\"><strong>3001-5000<\/strong><\/span><\/td>\n<td style=\"text-align: center;\" bgcolor=\"#009ee0\"><\/td>\n<td style=\"text-align: center;\" bgcolor=\"#009ee0\"><span style=\"color: #ffffff;\"><strong>Powy\u017cej 500<\/strong><\/span><\/td>\n<td style=\"text-align: center;\" bgcolor=\"#009ee0\"><\/td>\n<\/tr>\n<tr>\n<td>Cena za nadruk jednokolorowy (czarny)<\/td>\n<td style=\"text-align: center;\">200,-<\/td>\n<td style=\"text-align: center;\">250,-<\/td>\n<td style=\"text-align: center;\">300,-<\/td>\n<td style=\"text-align: center;\">400,-<\/td>\n<td style=\"text-align: center;\">500,-<\/td>\n<td style=\"text-align: center;\"><\/td>\n<td style=\"text-align: center;\">Cena indywidualna<\/td>\n<td style=\"text-align: center;\"><\/td>\n<\/tr>\n<tr>\n<td>Cena nadruku wielokolorowego (CMYK)<\/td>\n<td style=\"text-align: center;\">400,-<\/td>\n<td style=\"text-align: center;\">600,-<\/td>\n<td style=\"text-align: center;\">800,-<\/td>\n<td style=\"text-align: center;\">1200,-<\/td>\n<td style=\"text-align: center;\">1600,-<\/td>\n<td style=\"text-align: center;\"><\/td>\n<td style=\"text-align: center;\">Cena indywidualna<\/td>\n<td style=\"text-align: center;\"><\/td>\n<\/tr>\n<tr>\n<td>Cena nadruk z palety kolor\u00f3w Pantone (1 kolor)<\/td>\n<td style=\"text-align: center;\">700,-<\/td>\n<td style=\"text-align: center;\">750,-<\/td>\n<td style=\"text-align: center;\">800,-<\/td>\n<td style=\"text-align: center;\">900,-<\/td>\n<td style=\"text-align: center;\">1000,-<\/td>\n<td style=\"text-align: center;\"><\/td>\n<td style=\"text-align: center;\">Cena indywidualna<\/td>\n<td style=\"text-align: center;\"><\/td>\n<\/tr>\n<\/tbody>\n<\/table>\n<ul>\n<li>Wycena innych opcji nadruku np. kilka kolor\u00f3w z pantona, cmyk + panton, wynika z zsumowania kwot zawartych w tabeli.<br \/>\nW razie w\u0105tpliwo\u015bci prosimy o kontakt w sprawie indywidualnej wyceny.<\/li>\n<li>Cennik dotyczy tak\u017ce nadruku na kopertach.<\/li>\n<\/ul>\n<p><span style=\"color: #009ee0;\"><strong>Przygotowanie jednego projektu graficznego ( uk\u0142ad graficzny \u017cycze\u0144, logo) &#8211; 100 z\u0142.<\/strong><\/span><\/p>\n<ul class=\"cfix\">\n<li>Cena obejmuje 1 projekt \u017cycze\u0144.<\/li>\n<li>W sprawie ustalenia projektu nadruku \u017cycze\u0144 tj.: tekst, logo, czcionka, kolor, prosimy o kontakt mailowy:<a href=\"sklepsos@sos-wd.org\"> sklepsos@sos-wd.org<\/a><\/li>\n<li>Przyk\u0142adowe teksty \u017cycze\u0144 \u015bwi\u0105tecznych znajd\u0105 Pa\u0144stwo <a href=\"https:\/\/wioskisos.org\/kartki-swiateczne\/teksty-zyczen\/\" target=\"_blank\" rel=\"noopener\">TUTAJ<\/a>.<\/li>\n<\/ul>\n<p><span style=\"color: #009ee0;\"><strong>Pakowanie i transport (kurier):<\/strong><\/span><\/p>\n<table id=\"responsive-example-table2\" class=\"cennik stacktable large-only\" style=\"height: 63px;\" width=\"574\">\n<tbody>\n<tr class=\"top\">\n<td style=\"text-align: center;\" bgcolor=\"#009ee0\"><span style=\"color: #ffffff;\">Nak\u0142ad w szt.<\/span><\/td>\n<td style=\"text-align: center;\" bgcolor=\"#009ee0\"><span style=\"color: #ffffff;\">do 200<\/span><\/td>\n<td style=\"text-align: center;\" bgcolor=\"#009ee0\"><span style=\"color: #ffffff;\">do 500<\/span><\/td>\n<td style=\"text-align: center;\" bgcolor=\"#009ee0\"><span style=\"color: #ffffff;\">do 1000<\/span><\/td>\n<td style=\"text-align: center;\" bgcolor=\"#009ee0\"><span style=\"color: #ffffff;\">do 2000<\/span><\/td>\n<td style=\"text-align: center;\" bgcolor=\"#009ee0\"><span style=\"color: #ffffff;\">do 5000<\/span><\/td>\n<td style=\"text-align: center;\" bgcolor=\"#009ee0\"><span style=\"color: #ffffff;\">od 5001<\/span><\/td>\n<\/tr>\n<tr>\n<td>Cena<\/td>\n<td style=\"text-align: center;\">30,-<\/td>\n<td style=\"text-align: center;\">60,-<\/td>\n<td style=\"text-align: center;\">120,-<\/td>\n<td style=\"text-align: center;\">210,-<\/td>\n<td style=\"text-align: center;\">280,-<\/td>\n<td style=\"text-align: center;\">wycena indywidualna<\/td>\n<\/tr>\n<\/tbody>\n<\/table>\n<p><em><span style=\"text-decoration: underline;\"><strong>Wszystkie ceny podane w ofercie s\u0105 kwotami netto w PLN, nale\u017cy do nich doliczy\u0107 23% VAT.<\/strong><\/span><\/em><\/p>\n<p><span style=\"color: #009ee0;\"><strong>Termin realizacji i przyjmowania zam\u00f3wienia:<\/strong><\/span><\/p>\n<ul>\n<li>Karnety bez nadruku &#8211; do 3 dni od z\u0142o\u017cenia zam\u00f3wienia i dokonania przelewu,<br \/>\nzam\u00f3wienia przyjmowane do 2<strong>6.03.2024r.<\/strong><\/li>\n<li>Karnety z nadrukiem &#8211; do 7 dni roboczych od momentu ostatecznego zaakceptowania projektu graficznego oraz dokonania przelewu, zam\u00f3wienia przyjmowane do 2<strong>2.03.2024r.<\/strong><\/li>\n<\/ul>\n<p><span style=\"color: #009ee0;\"><strong>Termin i spos\u00f3b p\u0142atno\u015bci:<\/strong><\/span><\/p>\n<ul class=\"cfix\">\n<li>Karnety bez nadruku &#8211; 100% p\u0142atno\u015bci dokonanej przed wysy\u0142k\u0105, na podstawie faktury proforma<\/li>\n<li>Karnety z nadrukiem &#8211; 100% p\u0142atno\u015bci po zaakceptowaniu projektu nadruku, na podstawie faktury proforma<\/li>\n<\/ul>\n<p><span style=\"color: #009ee0;\"><strong>Ostatnia strona karnetu<\/strong><\/span><\/p>\n<p>Na ka\u017cdym karnecie ( wewn\u0105trz na lewej stronie po roz\u0142o\u017ceniu) znajduje si\u0119 logotyp Stowarzyszenia oraz informacja: <em><strong>\u201eDzi\u0119ki tej kartce pomagamy potrzebuj\u0105cym dzieciom\u201d<\/strong><\/em>.<\/p>\n","protected":false},"excerpt":{"rendered":"<p>KARNETY PAPIEROWE\/ minimalna ilo\u015b\u0107 zam\u00f3wienia \u2013 50 sztuk karnet\u00f3w. W tym roku oferujemy Pa\u0144stwu karnety \u015bwi\u0105teczne w ramach dw\u00f3ch kolekcji: A i B. Karnet \u015bwi\u0105teczny z bia\u0142\u0105 kopert\u0105 z bia\u0142\u0105 kopert\u0105 &#8211; 4,60 z\u0142 netto\/1 szt&#8230;. <a class=\"more\" href=\"https:\/\/wioskisos.org\/kartki-swiateczne\/cennik-wielkanoc\/\"> Wi\u0119cej &rarr;<\/a><\/p>\n","protected":false},"author":1,"featured_media":0,"parent":0,"menu_order":0,"comment_status":"closed","ping_status":"closed","template":"page-cennik.php","meta":{"footnotes":""},"acf":[],"aioseo_notices":[],"_links":{"self":[{"href":"https:\/\/wioskisos.org\/kartki-swiateczne\/wp-json\/wp\/v2\/pages\/1148"}],"collection":[{"href":"https:\/\/wioskisos.org\/kartki-swiateczne\/wp-json\/wp\/v2\/pages"}],"about":[{"href":"https:\/\/wioskisos.org\/kartki-swiateczne\/wp-json\/wp\/v2\/types\/page"}],"author":[{"embeddable":true,"href":"https:\/\/wioskisos.org\/kartki-swiateczne\/wp-json\/wp\/v2\/users\/1"}],"replies":[{"embeddable":true,"href":"https:\/\/wioskisos.org\/kartki-swiateczne\/wp-json\/wp\/v2\/comments?post=1148"}],"version-history":[{"count":3,"href":"https:\/\/wioskisos.org\/kartki-swiateczne\/wp-json\/wp\/v2\/pages\/1148\/revisions"}],"predecessor-version":[{"id":1277,"href":"https:\/\/wioskisos.org\/kartki-swiateczne\/wp-json\/wp\/v2\/pages\/1148\/revisions\/1277"}],"wp:attachment":[{"href":"https:\/\/wioskisos.org\/kartki-swiateczne\/wp-json\/wp\/v2\/media?parent=1148"}],"curies":[{"name":"wp","href":"https:\/\/api.w.org\/{rel}","templated":true}]}}