{"id":2,"date":"2012-02-22T12:35:23","date_gmt":"2012-02-22T12:35:23","guid":{"rendered":"http:\/\/wioskisos.org\/MWM\/?page_id=2"},"modified":"2026-01-19T18:21:10","modified_gmt":"2026-01-19T18:21:10","slug":"przykladowa-strona","status":"publish","type":"page","link":"https:\/\/wioskisos.org\/MWM\/?page_id=2","title":{"rendered":"o MWM"},"content":{"rendered":"<p>M\u0142odzie\u017cowa Wsp\u00f3lnota Mieszkaniowa mie\u015bci si\u0119 w Koszalinie przy ul. G\u0142owackiego 15. Aktualnie przebywa u nas 11 m\u0142odych ludzi z ca\u0142ej Polski &#8211; w grupie koedukacyjnej w przedziale wiekowym 16-19.<\/p>\n<p>Realizujemy szereg wewn\u0119trznych projekt\u00f3w i warsztat\u00f3w s\u0142u\u017c\u0105cych wielowymiarowemu rozwojowi M\u0142odych Wielkich i Mocnych. Nasz blog opowiada o codzienno\u015bci, kt\u00f3r\u0105 wsp\u00f3lnie kreujemy na rzecz wysokiej jako\u015bci \u017cycia i dorastania. Spe\u0142niamy marzenia, podr\u00f3\u017cujemy, pracujemy tak\u017ce wolontaryjnie, obchodzimy \u015bwi\u0119ta, urodziny, sp\u0119dzamy wsp\u00f3lnie wakacje.<\/p>\n<p>Zapraszamy do wsp\u00f3\u0142pracy! \ud83d\ude42<\/p>\n\n\t\t\t\t<div class=\"mr_social_sharing_wrapper\">\n\t\t\t\t<!-- Social Sharing Toolkit v2.2 --><span class=\"mr_social_sharing\"><span style=\"display: inline-block; width: 51px; height: 21px; overflow: hidden;\"><div class=\"fb-like\" data-href=\"https:\/\/wioskisos.org\/MWM\/?page_id=2\" data-send=\"false\" data-width=\"51\" data-show-faces=\"false\"><\/div><\/span><\/span><span class=\"mr_social_sharing\"><div class=\"fb-send\" data-href=\"https:\/\/wioskisos.org\/MWM\/?page_id=2\"><\/div><\/span><span class=\"mr_social_sharing\"><div class=\"g-plusone\" data-size=\"medium\" data-annotation=\"none\" data-href=\"https:\/\/wioskisos.org\/MWM\/?page_id=2\"><\/div><\/span><span class=\"mr_social_sharing\"><a href=\"mailto:?subject=o MWM&amp;body=https:\/\/wioskisos.org\/MWM\/?page_id=2\" target=\"_blank\"><img decoding=\"async\" src=\"https:\/\/wioskisos.org\/MWM\/wp-content\/plugins\/social-sharing-toolkit\/images\/buttons\/email.png\" class=\"nopin\" alt=\"Share via email\" title=\"Share via email\"\/><\/a><\/span><span class=\"mr_social_sharing\"><a class=\"linksalpha_button linksalpha_link\" href=\"\/\/www.linksalpha.com\/social\/mobile\" data-url=\"https:\/\/wioskisos.org\/MWM\/?page_id=2\" data-text=\"o MWM\" data-desc=\"M\u0142odzie\u017cowa Wsp\u00f3lnota Mieszkaniowa mie\u015bci si\u0119 w Koszalinie przy ul. G\u0142owackiego 15. Aktualnie przebywa u nas 11 m\u0142odych ludzi z ca\u0142ej Polski - w grupie koedukacyjnej w przedziale wiekowym 16-19. Realizujemy szereg wewn\u0119trznych projekt\u00f3w i warsztat\u00f3w s\u0142u\u017c\u0105cych wielowymiarowemu rozwojowi\" data-image=\"\" data-button=\"\">\n\t\t\t\t\t<img decoding=\"async\" src=\"\/\/www.linksalpha.com\/images\/social_share_button.png\" alt=\"Share\" class=\"linksalpha_image\" \/>\n\t\t\t\t\t<\/a><script type=\"text\/javascript\" src=\"\/\/www.linksalpha.com\/social\/loader_iconbox?link=https%3A%2F%2Fwioskisos.org%2FMWM%2F%3Fpage_id%3D2&id=203744628\"><\/script><\/span><\/div>","protected":false},"excerpt":{"rendered":"<p>M\u0142odzie\u017cowa Wsp\u00f3lnota Mieszkaniowa mie\u015bci si\u0119 w Koszalinie przy ul. G\u0142owackiego 15. Aktualnie przebywa u nas 11 m\u0142odych ludzi z ca\u0142ej Polski &#8211; w grupie koedukacyjnej w przedziale wiekowym 16-19. Realizujemy szereg wewn\u0119trznych projekt\u00f3w i warsztat\u00f3w s\u0142u\u017c\u0105cych wielowymiarowemu rozwojowi M\u0142odych Wielkich i Mocnych. Nasz blog opowiada o codzienno\u015bci, kt\u00f3r\u0105 wsp\u00f3lnie kreujemy na rzecz wysokiej jako\u015bci \u017cycia [&hellip;]<\/p>\n\n\t\t\t\t<div class=\"mr_social_sharing_wrapper\">\n\t\t\t\t<!-- Social Sharing Toolkit v2.2 --><span class=\"mr_social_sharing\"><span style=\"display: inline-block; width: 51px; height: 21px; overflow: hidden;\"><div class=\"fb-like\" data-href=\"https:\/\/wioskisos.org\/MWM\/?page_id=2\" data-send=\"false\" data-width=\"51\" data-show-faces=\"false\"><\/div><\/span><\/span><span class=\"mr_social_sharing\"><div class=\"fb-send\" data-href=\"https:\/\/wioskisos.org\/MWM\/?page_id=2\"><\/div><\/span><span class=\"mr_social_sharing\"><div class=\"g-plusone\" data-size=\"medium\" data-annotation=\"none\" data-href=\"https:\/\/wioskisos.org\/MWM\/?page_id=2\"><\/div><\/span><span class=\"mr_social_sharing\"><a href=\"mailto:?subject=o MWM&amp;body=https:\/\/wioskisos.org\/MWM\/?page_id=2\" target=\"_blank\"><img decoding=\"async\" src=\"https:\/\/wioskisos.org\/MWM\/wp-content\/plugins\/social-sharing-toolkit\/images\/buttons\/email.png\" class=\"nopin\" alt=\"Share via email\" title=\"Share via email\"\/><\/a><\/span><span class=\"mr_social_sharing\"><a class=\"linksalpha_button linksalpha_link\" href=\"\/\/www.linksalpha.com\/social\/mobile\" data-url=\"https:\/\/wioskisos.org\/MWM\/?page_id=2\" data-text=\"o MWM\" data-desc=\"M\u0142odzie\u017cowa Wsp\u00f3lnota Mieszkaniowa mie\u015bci si\u0119 w Koszalinie przy ul. G\u0142owackiego 15. Aktualnie przebywa u nas 11 m\u0142odych ludzi z ca\u0142ej Polski - w grupie koedukacyjnej w przedziale wiekowym 16-19. Realizujemy szereg wewn\u0119trznych projekt\u00f3w i warsztat\u00f3w s\u0142u\u017c\u0105cych wielowymiarowemu rozwojowi\" data-image=\"\" data-button=\"\">\n\t\t\t\t\t<img decoding=\"async\" src=\"\/\/www.linksalpha.com\/images\/social_share_button.png\" alt=\"Share\" class=\"linksalpha_image\" \/>\n\t\t\t\t\t<\/a><script type=\"text\/javascript\" src=\"\/\/www.linksalpha.com\/social\/loader_iconbox?link=https%3A%2F%2Fwioskisos.org%2FMWM%2F%3Fpage_id%3D2&id=1620563533\"><\/script><\/span><\/div>","protected":false},"author":1,"featured_media":0,"parent":0,"menu_order":0,"comment_status":"open","ping_status":"open","template":"","meta":{"footnotes":""},"_links":{"self":[{"href":"https:\/\/wioskisos.org\/MWM\/index.php?rest_route=\/wp\/v2\/pages\/2"}],"collection":[{"href":"https:\/\/wioskisos.org\/MWM\/index.php?rest_route=\/wp\/v2\/pages"}],"about":[{"href":"https:\/\/wioskisos.org\/MWM\/index.php?rest_route=\/wp\/v2\/types\/page"}],"author":[{"embeddable":true,"href":"https:\/\/wioskisos.org\/MWM\/index.php?rest_route=\/wp\/v2\/users\/1"}],"replies":[{"embeddable":true,"href":"https:\/\/wioskisos.org\/MWM\/index.php?rest_route=%2Fwp%2Fv2%2Fcomments&post=2"}],"version-history":[{"count":10,"href":"https:\/\/wioskisos.org\/MWM\/index.php?rest_route=\/wp\/v2\/pages\/2\/revisions"}],"predecessor-version":[{"id":8022,"href":"https:\/\/wioskisos.org\/MWM\/index.php?rest_route=\/wp\/v2\/pages\/2\/revisions\/8022"}],"wp:attachment":[{"href":"https:\/\/wioskisos.org\/MWM\/index.php?rest_route=%2Fwp%2Fv2%2Fmedia&parent=2"}],"curies":[{"name":"wp","href":"https:\/\/api.w.org\/{rel}","templated":true}]}}