{"id":244,"date":"2023-01-17T17:35:36","date_gmt":"2023-01-17T16:35:36","guid":{"rendered":"https:\/\/wioskisos.org\/1-5procent\/?page_id=244"},"modified":"2026-01-29T10:06:14","modified_gmt":"2026-01-29T09:06:14","slug":"historia-stasia","status":"publish","type":"page","link":"https:\/\/wioskisos.org\/1-5procent\/historia-stasia\/","title":{"rendered":"Wspieraj zdrowie psychiczne Stasia"},"content":{"rendered":"\n<figure class=\"wp-block-image size-large\"><img loading=\"lazy\" decoding=\"async\" width=\"1024\" height=\"294\" src=\"https:\/\/wioskisos.org\/1-5procent\/wp-content\/uploads\/2026\/01\/3-1024x294.png\" alt=\"\" class=\"wp-image-466\" srcset=\"https:\/\/wioskisos.org\/1-5procent\/wp-content\/uploads\/2026\/01\/3-1024x294.png 1024w, https:\/\/wioskisos.org\/1-5procent\/wp-content\/uploads\/2026\/01\/3-300x86.png 300w, https:\/\/wioskisos.org\/1-5procent\/wp-content\/uploads\/2026\/01\/3-768x220.png 768w, https:\/\/wioskisos.org\/1-5procent\/wp-content\/uploads\/2026\/01\/3.png 1451w\" sizes=\"auto, (max-width: 1024px) 100vw, 1024px\" \/><\/figure>\n\n\n\n<p>Trafi\u0142 do Wioski SOS po wielu trudnych przej\u015bciach. Rodzice nie przejmowali si\u0119 jego sprawami, cz\u0119sto opuszcza\u0142 szko\u0142\u0119, nigdy nie obchodzono jego urodzin a zim\u0105 chodzi\u0142 w dziurawych trampkach. <strong>Siniaki na ciele zaalarmowa\u0142y nauczycielk\u0119 WF-u i zg\u0142osi\u0142a swoje obawy do O\u015brodka Pomocy Spo\u0142ecznej. <\/strong>Po kontroli przera\u017cony ch\u0142opiec trafi\u0142 do o\u015brodka interwencyjnego, a potem do Wioski SOS. Stasia nadal nawiedzaj\u0105 potwory, boi si\u0119 zasn\u0105\u0107. <strong>Dzi\u0119ki regularnej terapii i obecno\u015bci Rodzic\u00f3w SOS ka\u017cdego dnia walczy o spok\u00f3j i utracone dzieci\u0144stwo.<\/strong><\/p>\n\n\n\n<hr class=\"wp-block-separator has-text-color has-pale-cyan-blue-color has-alpha-channel-opacity has-pale-cyan-blue-background-color has-background\"\/>\n\n\n\n<p><strong>Co op\u0142acamy z 1,5% podatku?<\/strong><br>1. <strong>Koszty medyczne dzieci.<\/strong> Wizyty u terapeut\u00f3w, lekarzy, stomatologa, wykup lek\u00f3w, nieprzewidziane i pilne wydatki zwi\u0105zane ze zdrowiem naszych podopiecznych.<br>2. <strong>Pomoc w usamodzielnianiu m\u0142odzie\u017cy z pieczy zast\u0119pczej. <\/strong>Op\u0142aty mieszka\u0144 treningowych podopiecznych, wyposa\u017canie mieszka\u0144 komunalnych dzieci oraz szkole\u0144 i kurs\u00f3w pozwalaj\u0105cych na zdobycie zawodu.<br>3. <strong>Op\u0142aty zwi\u0105zane z dzia\u0142aniem \u015bwietlic SOS. <\/strong>W 21 miejscowo\u015bciach i wsiach w Polsce pomagamy rodzinom w kryzysach. Z 1,5% podatku op\u0142acamy czynsz, pr\u0105d, materia\u0142y dydaktyczne, wycieczki edukacyjne.<br>4.<strong> Dzia\u0142anie Centr\u00f3w Specjalistycznych SOS. <\/strong>Dzieci z pieczy zast\u0119pczej zar\u00f3wno z Polski jak i Ukrainy otrzymuj\u0105 wsparcie terapeutyczne.<\/p>\n\n\n\n<p><\/p>\n","protected":false},"excerpt":{"rendered":"<p>Trafi\u0142 do Wioski SOS po wielu trudnych przej\u015bciach. Rodzice nie przejmowali si\u0119 jego sprawami, cz\u0119sto opuszcza\u0142 szko\u0142\u0119, nigdy nie obchodzono jego urodzin a zim\u0105 chodzi\u0142 w dziurawych trampkach. Siniaki na ciele zaalarmowa\u0142y nauczycielk\u0119 WF-u i zg\u0142osi\u0142a&#8230; <a class=\"more\" href=\"https:\/\/wioskisos.org\/1-5procent\/historia-stasia\/\"> Wi\u0119cej &rarr;<\/a><\/p>\n","protected":false},"author":1,"featured_media":0,"parent":0,"menu_order":0,"comment_status":"closed","ping_status":"closed","template":"","meta":{"_acf_changed":false,"footnotes":""},"class_list":["post-244","page","type-page","status-publish","hentry"],"acf":[],"aioseo_notices":[],"yoast_head":"<!-- This site is optimized with the Yoast SEO plugin v26.8 - https:\/\/yoast.com\/product\/yoast-seo-wordpress\/ -->\n<title>Wspieraj zdrowie psychiczne Stasia - Przeka\u017c 1.5% podatku na SOS Wioski Dzieci\u0119ce w Polsce<\/title>\n<meta name=\"robots\" content=\"index, follow, max-snippet:-1, max-image-preview:large, max-video-preview:-1\" \/>\n<link rel=\"canonical\" href=\"https:\/\/wioskisos.org\/1-5procent\/historia-stasia\/\" \/>\n<meta property=\"og:locale\" content=\"pl_PL\" \/>\n<meta property=\"og:type\" content=\"article\" \/>\n<meta property=\"og:title\" content=\"Wspieraj zdrowie psychiczne Stasia - Przeka\u017c 1.5% podatku na SOS Wioski Dzieci\u0119ce w Polsce\" \/>\n<meta property=\"og:description\" content=\"Trafi\u0142 do Wioski SOS po wielu trudnych przej\u015bciach. Rodzice nie przejmowali si\u0119 jego sprawami, cz\u0119sto opuszcza\u0142 szko\u0142\u0119, nigdy nie obchodzono jego urodzin a zim\u0105 chodzi\u0142 w dziurawych trampkach. Siniaki na ciele zaalarmowa\u0142y nauczycielk\u0119 WF-u i zg\u0142osi\u0142a... Wi\u0119cej &rarr;\" \/>\n<meta property=\"og:url\" content=\"https:\/\/wioskisos.org\/1-5procent\/historia-stasia\/\" \/>\n<meta property=\"og:site_name\" content=\"Przeka\u017c 1.5% podatku na SOS Wioski Dzieci\u0119ce w Polsce\" \/>\n<meta property=\"article:modified_time\" content=\"2026-01-29T09:06:14+00:00\" \/>\n<meta property=\"og:image\" content=\"https:\/\/wioskisos.org\/1-5procent\/wp-content\/uploads\/2026\/01\/3.png\" \/>\n\t<meta property=\"og:image:width\" content=\"1451\" \/>\n\t<meta property=\"og:image:height\" content=\"416\" \/>\n\t<meta property=\"og:image:type\" content=\"image\/png\" \/>\n<meta name=\"twitter:card\" content=\"summary_large_image\" \/>\n<meta name=\"twitter:label1\" content=\"Szacowany czas czytania\" \/>\n\t<meta name=\"twitter:data1\" content=\"1 minuta\" \/>\n<script type=\"application\/ld+json\" class=\"yoast-schema-graph\">{\"@context\":\"https:\/\/schema.org\",\"@graph\":[{\"@type\":\"WebPage\",\"@id\":\"https:\/\/wioskisos.org\/1-5procent\/historia-stasia\/\",\"url\":\"https:\/\/wioskisos.org\/1-5procent\/historia-stasia\/\",\"name\":\"Wspieraj zdrowie psychiczne Stasia - Przeka\u017c 1.5% podatku na SOS Wioski Dzieci\u0119ce w Polsce\",\"isPartOf\":{\"@id\":\"https:\/\/wioskisos.org\/1-5procent\/#website\"},\"primaryImageOfPage\":{\"@id\":\"https:\/\/wioskisos.org\/1-5procent\/historia-stasia\/#primaryimage\"},\"image\":{\"@id\":\"https:\/\/wioskisos.org\/1-5procent\/historia-stasia\/#primaryimage\"},\"thumbnailUrl\":\"https:\/\/wioskisos.org\/1-5procent\/wp-content\/uploads\/2026\/01\/3-1024x294.png\",\"datePublished\":\"2023-01-17T16:35:36+00:00\",\"dateModified\":\"2026-01-29T09:06:14+00:00\",\"breadcrumb\":{\"@id\":\"https:\/\/wioskisos.org\/1-5procent\/historia-stasia\/#breadcrumb\"},\"inLanguage\":\"pl-PL\",\"potentialAction\":[{\"@type\":\"ReadAction\",\"target\":[\"https:\/\/wioskisos.org\/1-5procent\/historia-stasia\/\"]}]},{\"@type\":\"ImageObject\",\"inLanguage\":\"pl-PL\",\"@id\":\"https:\/\/wioskisos.org\/1-5procent\/historia-stasia\/#primaryimage\",\"url\":\"https:\/\/wioskisos.org\/1-5procent\/wp-content\/uploads\/2026\/01\/3.png\",\"contentUrl\":\"https:\/\/wioskisos.org\/1-5procent\/wp-content\/uploads\/2026\/01\/3.png\",\"width\":1451,\"height\":416},{\"@type\":\"BreadcrumbList\",\"@id\":\"https:\/\/wioskisos.org\/1-5procent\/historia-stasia\/#breadcrumb\",\"itemListElement\":[{\"@type\":\"ListItem\",\"position\":1,\"name\":\"Strona g\u0142\u00f3wna\",\"item\":\"https:\/\/wioskisos.org\/1-5procent\/\"},{\"@type\":\"ListItem\",\"position\":2,\"name\":\"Wspieraj zdrowie psychiczne Stasia\"}]},{\"@type\":\"WebSite\",\"@id\":\"https:\/\/wioskisos.org\/1-5procent\/#website\",\"url\":\"https:\/\/wioskisos.org\/1-5procent\/\",\"name\":\"Przeka\u017c 1.5% podatku na SOS Wioski Dzieci\u0119ce w Polsce\",\"description\":\"\",\"publisher\":{\"@id\":\"https:\/\/wioskisos.org\/1-5procent\/#organization\"},\"potentialAction\":[{\"@type\":\"SearchAction\",\"target\":{\"@type\":\"EntryPoint\",\"urlTemplate\":\"https:\/\/wioskisos.org\/1-5procent\/?s={search_term_string}\"},\"query-input\":{\"@type\":\"PropertyValueSpecification\",\"valueRequired\":true,\"valueName\":\"search_term_string\"}}],\"inLanguage\":\"pl-PL\"},{\"@type\":\"Organization\",\"@id\":\"https:\/\/wioskisos.org\/1-5procent\/#organization\",\"name\":\"Przeka\u017c 1.5% podatku na SOS Wioski Dzieci\u0119ce w Polsce\",\"url\":\"https:\/\/wioskisos.org\/1-5procent\/\",\"logo\":{\"@type\":\"ImageObject\",\"inLanguage\":\"pl-PL\",\"@id\":\"https:\/\/wioskisos.org\/1-5procent\/#\/schema\/logo\/image\/\",\"url\":\"https:\/\/wioskisos.org\/1-5procent\/wp-content\/uploads\/2021\/02\/logo-1.png\",\"contentUrl\":\"https:\/\/wioskisos.org\/1-5procent\/wp-content\/uploads\/2021\/02\/logo-1.png\",\"width\":400,\"height\":134,\"caption\":\"Przeka\u017c 1.5% podatku na SOS Wioski Dzieci\u0119ce w Polsce\"},\"image\":{\"@id\":\"https:\/\/wioskisos.org\/1-5procent\/#\/schema\/logo\/image\/\"}}]}<\/script>\n<!-- \/ Yoast SEO plugin. -->","yoast_head_json":{"title":"Wspieraj zdrowie psychiczne Stasia - Przeka\u017c 1.5% podatku na SOS Wioski Dzieci\u0119ce w Polsce","robots":{"index":"index","follow":"follow","max-snippet":"max-snippet:-1","max-image-preview":"max-image-preview:large","max-video-preview":"max-video-preview:-1"},"canonical":"https:\/\/wioskisos.org\/1-5procent\/historia-stasia\/","og_locale":"pl_PL","og_type":"article","og_title":"Wspieraj zdrowie psychiczne Stasia - Przeka\u017c 1.5% podatku na SOS Wioski Dzieci\u0119ce w Polsce","og_description":"Trafi\u0142 do Wioski SOS po wielu trudnych przej\u015bciach. Rodzice nie przejmowali si\u0119 jego sprawami, cz\u0119sto opuszcza\u0142 szko\u0142\u0119, nigdy nie obchodzono jego urodzin a zim\u0105 chodzi\u0142 w dziurawych trampkach. Siniaki na ciele zaalarmowa\u0142y nauczycielk\u0119 WF-u i zg\u0142osi\u0142a... Wi\u0119cej &rarr;","og_url":"https:\/\/wioskisos.org\/1-5procent\/historia-stasia\/","og_site_name":"Przeka\u017c 1.5% podatku na SOS Wioski Dzieci\u0119ce w Polsce","article_modified_time":"2026-01-29T09:06:14+00:00","og_image":[{"width":1451,"height":416,"url":"https:\/\/wioskisos.org\/1-5procent\/wp-content\/uploads\/2026\/01\/3.png","type":"image\/png"}],"twitter_card":"summary_large_image","twitter_misc":{"Szacowany czas czytania":"1 minuta"},"schema":{"@context":"https:\/\/schema.org","@graph":[{"@type":"WebPage","@id":"https:\/\/wioskisos.org\/1-5procent\/historia-stasia\/","url":"https:\/\/wioskisos.org\/1-5procent\/historia-stasia\/","name":"Wspieraj zdrowie psychiczne Stasia - Przeka\u017c 1.5% podatku na SOS Wioski Dzieci\u0119ce w Polsce","isPartOf":{"@id":"https:\/\/wioskisos.org\/1-5procent\/#website"},"primaryImageOfPage":{"@id":"https:\/\/wioskisos.org\/1-5procent\/historia-stasia\/#primaryimage"},"image":{"@id":"https:\/\/wioskisos.org\/1-5procent\/historia-stasia\/#primaryimage"},"thumbnailUrl":"https:\/\/wioskisos.org\/1-5procent\/wp-content\/uploads\/2026\/01\/3-1024x294.png","datePublished":"2023-01-17T16:35:36+00:00","dateModified":"2026-01-29T09:06:14+00:00","breadcrumb":{"@id":"https:\/\/wioskisos.org\/1-5procent\/historia-stasia\/#breadcrumb"},"inLanguage":"pl-PL","potentialAction":[{"@type":"ReadAction","target":["https:\/\/wioskisos.org\/1-5procent\/historia-stasia\/"]}]},{"@type":"ImageObject","inLanguage":"pl-PL","@id":"https:\/\/wioskisos.org\/1-5procent\/historia-stasia\/#primaryimage","url":"https:\/\/wioskisos.org\/1-5procent\/wp-content\/uploads\/2026\/01\/3.png","contentUrl":"https:\/\/wioskisos.org\/1-5procent\/wp-content\/uploads\/2026\/01\/3.png","width":1451,"height":416},{"@type":"BreadcrumbList","@id":"https:\/\/wioskisos.org\/1-5procent\/historia-stasia\/#breadcrumb","itemListElement":[{"@type":"ListItem","position":1,"name":"Strona g\u0142\u00f3wna","item":"https:\/\/wioskisos.org\/1-5procent\/"},{"@type":"ListItem","position":2,"name":"Wspieraj zdrowie psychiczne Stasia"}]},{"@type":"WebSite","@id":"https:\/\/wioskisos.org\/1-5procent\/#website","url":"https:\/\/wioskisos.org\/1-5procent\/","name":"Przeka\u017c 1.5% podatku na SOS Wioski Dzieci\u0119ce w Polsce","description":"","publisher":{"@id":"https:\/\/wioskisos.org\/1-5procent\/#organization"},"potentialAction":[{"@type":"SearchAction","target":{"@type":"EntryPoint","urlTemplate":"https:\/\/wioskisos.org\/1-5procent\/?s={search_term_string}"},"query-input":{"@type":"PropertyValueSpecification","valueRequired":true,"valueName":"search_term_string"}}],"inLanguage":"pl-PL"},{"@type":"Organization","@id":"https:\/\/wioskisos.org\/1-5procent\/#organization","name":"Przeka\u017c 1.5% podatku na SOS Wioski Dzieci\u0119ce w Polsce","url":"https:\/\/wioskisos.org\/1-5procent\/","logo":{"@type":"ImageObject","inLanguage":"pl-PL","@id":"https:\/\/wioskisos.org\/1-5procent\/#\/schema\/logo\/image\/","url":"https:\/\/wioskisos.org\/1-5procent\/wp-content\/uploads\/2021\/02\/logo-1.png","contentUrl":"https:\/\/wioskisos.org\/1-5procent\/wp-content\/uploads\/2021\/02\/logo-1.png","width":400,"height":134,"caption":"Przeka\u017c 1.5% podatku na SOS Wioski Dzieci\u0119ce w Polsce"},"image":{"@id":"https:\/\/wioskisos.org\/1-5procent\/#\/schema\/logo\/image\/"}}]}},"_links":{"self":[{"href":"https:\/\/wioskisos.org\/1-5procent\/wp-json\/wp\/v2\/pages\/244","targetHints":{"allow":["GET"]}}],"collection":[{"href":"https:\/\/wioskisos.org\/1-5procent\/wp-json\/wp\/v2\/pages"}],"about":[{"href":"https:\/\/wioskisos.org\/1-5procent\/wp-json\/wp\/v2\/types\/page"}],"author":[{"embeddable":true,"href":"https:\/\/wioskisos.org\/1-5procent\/wp-json\/wp\/v2\/users\/1"}],"replies":[{"embeddable":true,"href":"https:\/\/wioskisos.org\/1-5procent\/wp-json\/wp\/v2\/comments?post=244"}],"version-history":[{"count":6,"href":"https:\/\/wioskisos.org\/1-5procent\/wp-json\/wp\/v2\/pages\/244\/revisions"}],"predecessor-version":[{"id":480,"href":"https:\/\/wioskisos.org\/1-5procent\/wp-json\/wp\/v2\/pages\/244\/revisions\/480"}],"wp:attachment":[{"href":"https:\/\/wioskisos.org\/1-5procent\/wp-json\/wp\/v2\/media?parent=244"}],"curies":[{"name":"wp","href":"https:\/\/api.w.org\/{rel}","templated":true}]}}