{"id":239,"date":"2023-01-17T17:33:25","date_gmt":"2023-01-17T16:33:25","guid":{"rendered":"https:\/\/wioskisos.org\/1-5procent\/?page_id=239"},"modified":"2026-01-29T10:00:54","modified_gmt":"2026-01-29T09:00:54","slug":"historia-renaty","status":"publish","type":"page","link":"https:\/\/wioskisos.org\/1-5procent\/historia-renaty\/","title":{"rendered":"Wspieraj zdrowie psychiczne Renaty"},"content":{"rendered":"\n<figure class=\"wp-block-image size-large\"><img loading=\"lazy\" decoding=\"async\" width=\"1024\" height=\"294\" src=\"https:\/\/wioskisos.org\/1-5procent\/wp-content\/uploads\/2026\/01\/2-1024x294.png\" alt=\"\" class=\"wp-image-465\" srcset=\"https:\/\/wioskisos.org\/1-5procent\/wp-content\/uploads\/2026\/01\/2-1024x294.png 1024w, https:\/\/wioskisos.org\/1-5procent\/wp-content\/uploads\/2026\/01\/2-300x86.png 300w, https:\/\/wioskisos.org\/1-5procent\/wp-content\/uploads\/2026\/01\/2-768x220.png 768w, https:\/\/wioskisos.org\/1-5procent\/wp-content\/uploads\/2026\/01\/2.png 1451w\" sizes=\"auto, (max-width: 1024px) 100vw, 1024px\" \/><\/figure>\n\n\n\n<p>Renata jest bardzo dojrza\u0142a jak na swoje 8 lat. Umie gotowa\u0107 makaron, zrobi\u0107 jajecznic\u0119, przewin\u0105\u0107 dziecko. To nie s\u0105 czynno\u015bci, kt\u00f3rymi powinna zajmowa\u0107 si\u0119 kilkuletnia dziewczynka, ale Renata mia\u0142a pod opiek\u0105 dw\u00f3jk\u0119 m\u0142odszego rodze\u0144stwa. Kiedy umar\u0142a ich mama, tata powiedzia\u0142: \u201eteraz Ty jeste\u015b ich mam\u0105\u201d a sam powoli pogr\u0105\u017ca\u0142 si\u0119 w depresji i chorobie alkoholowej. <\/p>\n\n\n\n<p>Renata teraz uczy si\u0119 znowu by\u0107 dzieckiem, sprawdza\u0107 czy Marysia jest g\u0142odna, a Maciek ma such\u0105 pieluszk\u0119. Ciocia SOS co tydzie\u0144 zaprowadza j\u0105 na zaj\u0119cia ta\u0144ca, Renata wyra\u017ca swoje emocje poprzez ruch. Wie \u017ce ciocia zajmuje si\u0119 ni\u0105 i rodze\u0144stwem po to, by ona znowu mog\u0142a by\u0107 dzieckiem.<\/p>\n\n\n\n<hr class=\"wp-block-separator has-text-color has-pale-cyan-blue-color has-alpha-channel-opacity has-pale-cyan-blue-background-color has-background is-style-wide\"\/>\n\n\n\n<p><strong>Co op\u0142acamy z 1,5% podatku?<\/strong><br>1. <strong>Koszty medyczne dzieci.<\/strong> Wizyty u terapeut\u00f3w, lekarzy, stomatologa, wykup lek\u00f3w, nieprzewidziane i pilne wydatki zwi\u0105zane ze zdrowiem naszych podopiecznych.<br>2. <strong>Pomoc w usamodzielnianiu m\u0142odzie\u017cy z pieczy zast\u0119pczej. <\/strong>Op\u0142aty mieszka\u0144 treningowych podopiecznych, wyposa\u017canie mieszka\u0144 komunalnych dzieci oraz szkole\u0144 i kurs\u00f3w pozwalaj\u0105cych na zdobycie zawodu.<br>3. <strong>Op\u0142aty zwi\u0105zane z dzia\u0142aniem \u015bwietlic SOS. <\/strong>W 21 miejscowo\u015bciach i wsiach w Polsce pomagamy rodzinom w kryzysach. Z 1,5% podatku op\u0142acamy czynsz, pr\u0105d, materia\u0142y dydaktyczne, wycieczki edukacyjne.<br>4.<strong> Dzia\u0142anie Centr\u00f3w Specjalistycznych SOS. <\/strong>Dzieci z pieczy zast\u0119pczej zar\u00f3wno z Polski jak i Ukrainy otrzymuj\u0105 wsparcie terapeutyczne.<\/p>\n","protected":false},"excerpt":{"rendered":"<p>Renata jest bardzo dojrza\u0142a jak na swoje 8 lat. Umie gotowa\u0107 makaron, zrobi\u0107 jajecznic\u0119, przewin\u0105\u0107 dziecko. To nie s\u0105 czynno\u015bci, kt\u00f3rymi powinna zajmowa\u0107 si\u0119 kilkuletnia dziewczynka, ale Renata mia\u0142a pod opiek\u0105 dw\u00f3jk\u0119 m\u0142odszego rodze\u0144stwa. Kiedy umar\u0142a&#8230; <a class=\"more\" href=\"https:\/\/wioskisos.org\/1-5procent\/historia-renaty\/\"> Wi\u0119cej &rarr;<\/a><\/p>\n","protected":false},"author":1,"featured_media":0,"parent":0,"menu_order":0,"comment_status":"closed","ping_status":"closed","template":"","meta":{"_acf_changed":false,"footnotes":""},"class_list":["post-239","page","type-page","status-publish","hentry"],"acf":[],"aioseo_notices":[],"yoast_head":"<!-- This site is optimized with the Yoast SEO plugin v26.8 - https:\/\/yoast.com\/product\/yoast-seo-wordpress\/ -->\n<title>Wspieraj zdrowie psychiczne Renaty - Przeka\u017c 1.5% podatku na SOS Wioski Dzieci\u0119ce w Polsce<\/title>\n<meta name=\"robots\" content=\"index, follow, max-snippet:-1, max-image-preview:large, max-video-preview:-1\" \/>\n<link rel=\"canonical\" href=\"https:\/\/wioskisos.org\/1-5procent\/historia-renaty\/\" \/>\n<meta property=\"og:locale\" content=\"pl_PL\" \/>\n<meta property=\"og:type\" content=\"article\" \/>\n<meta property=\"og:title\" content=\"Wspieraj zdrowie psychiczne Renaty - Przeka\u017c 1.5% podatku na SOS Wioski Dzieci\u0119ce w Polsce\" \/>\n<meta property=\"og:description\" content=\"Renata jest bardzo dojrza\u0142a jak na swoje 8 lat. Umie gotowa\u0107 makaron, zrobi\u0107 jajecznic\u0119, przewin\u0105\u0107 dziecko. To nie s\u0105 czynno\u015bci, kt\u00f3rymi powinna zajmowa\u0107 si\u0119 kilkuletnia dziewczynka, ale Renata mia\u0142a pod opiek\u0105 dw\u00f3jk\u0119 m\u0142odszego rodze\u0144stwa. Kiedy umar\u0142a... Wi\u0119cej &rarr;\" \/>\n<meta property=\"og:url\" content=\"https:\/\/wioskisos.org\/1-5procent\/historia-renaty\/\" \/>\n<meta property=\"og:site_name\" content=\"Przeka\u017c 1.5% podatku na SOS Wioski Dzieci\u0119ce w Polsce\" \/>\n<meta property=\"article:modified_time\" content=\"2026-01-29T09:00:54+00:00\" \/>\n<meta property=\"og:image\" content=\"https:\/\/wioskisos.org\/1-5procent\/wp-content\/uploads\/2026\/01\/2.png\" \/>\n\t<meta property=\"og:image:width\" content=\"1451\" \/>\n\t<meta property=\"og:image:height\" content=\"416\" \/>\n\t<meta property=\"og:image:type\" content=\"image\/png\" \/>\n<meta name=\"twitter:card\" content=\"summary_large_image\" \/>\n<meta name=\"twitter:label1\" content=\"Szacowany czas czytania\" \/>\n\t<meta name=\"twitter:data1\" content=\"1 minuta\" \/>\n<script type=\"application\/ld+json\" class=\"yoast-schema-graph\">{\"@context\":\"https:\/\/schema.org\",\"@graph\":[{\"@type\":\"WebPage\",\"@id\":\"https:\/\/wioskisos.org\/1-5procent\/historia-renaty\/\",\"url\":\"https:\/\/wioskisos.org\/1-5procent\/historia-renaty\/\",\"name\":\"Wspieraj zdrowie psychiczne Renaty - Przeka\u017c 1.5% podatku na SOS Wioski Dzieci\u0119ce w Polsce\",\"isPartOf\":{\"@id\":\"https:\/\/wioskisos.org\/1-5procent\/#website\"},\"primaryImageOfPage\":{\"@id\":\"https:\/\/wioskisos.org\/1-5procent\/historia-renaty\/#primaryimage\"},\"image\":{\"@id\":\"https:\/\/wioskisos.org\/1-5procent\/historia-renaty\/#primaryimage\"},\"thumbnailUrl\":\"https:\/\/wioskisos.org\/1-5procent\/wp-content\/uploads\/2026\/01\/2-1024x294.png\",\"datePublished\":\"2023-01-17T16:33:25+00:00\",\"dateModified\":\"2026-01-29T09:00:54+00:00\",\"breadcrumb\":{\"@id\":\"https:\/\/wioskisos.org\/1-5procent\/historia-renaty\/#breadcrumb\"},\"inLanguage\":\"pl-PL\",\"potentialAction\":[{\"@type\":\"ReadAction\",\"target\":[\"https:\/\/wioskisos.org\/1-5procent\/historia-renaty\/\"]}]},{\"@type\":\"ImageObject\",\"inLanguage\":\"pl-PL\",\"@id\":\"https:\/\/wioskisos.org\/1-5procent\/historia-renaty\/#primaryimage\",\"url\":\"https:\/\/wioskisos.org\/1-5procent\/wp-content\/uploads\/2026\/01\/2.png\",\"contentUrl\":\"https:\/\/wioskisos.org\/1-5procent\/wp-content\/uploads\/2026\/01\/2.png\",\"width\":1451,\"height\":416},{\"@type\":\"BreadcrumbList\",\"@id\":\"https:\/\/wioskisos.org\/1-5procent\/historia-renaty\/#breadcrumb\",\"itemListElement\":[{\"@type\":\"ListItem\",\"position\":1,\"name\":\"Strona g\u0142\u00f3wna\",\"item\":\"https:\/\/wioskisos.org\/1-5procent\/\"},{\"@type\":\"ListItem\",\"position\":2,\"name\":\"Wspieraj zdrowie psychiczne Renaty\"}]},{\"@type\":\"WebSite\",\"@id\":\"https:\/\/wioskisos.org\/1-5procent\/#website\",\"url\":\"https:\/\/wioskisos.org\/1-5procent\/\",\"name\":\"Przeka\u017c 1.5% podatku na SOS Wioski Dzieci\u0119ce w Polsce\",\"description\":\"\",\"publisher\":{\"@id\":\"https:\/\/wioskisos.org\/1-5procent\/#organization\"},\"potentialAction\":[{\"@type\":\"SearchAction\",\"target\":{\"@type\":\"EntryPoint\",\"urlTemplate\":\"https:\/\/wioskisos.org\/1-5procent\/?s={search_term_string}\"},\"query-input\":{\"@type\":\"PropertyValueSpecification\",\"valueRequired\":true,\"valueName\":\"search_term_string\"}}],\"inLanguage\":\"pl-PL\"},{\"@type\":\"Organization\",\"@id\":\"https:\/\/wioskisos.org\/1-5procent\/#organization\",\"name\":\"Przeka\u017c 1.5% podatku na SOS Wioski Dzieci\u0119ce w Polsce\",\"url\":\"https:\/\/wioskisos.org\/1-5procent\/\",\"logo\":{\"@type\":\"ImageObject\",\"inLanguage\":\"pl-PL\",\"@id\":\"https:\/\/wioskisos.org\/1-5procent\/#\/schema\/logo\/image\/\",\"url\":\"https:\/\/wioskisos.org\/1-5procent\/wp-content\/uploads\/2021\/02\/logo-1.png\",\"contentUrl\":\"https:\/\/wioskisos.org\/1-5procent\/wp-content\/uploads\/2021\/02\/logo-1.png\",\"width\":400,\"height\":134,\"caption\":\"Przeka\u017c 1.5% podatku na SOS Wioski Dzieci\u0119ce w Polsce\"},\"image\":{\"@id\":\"https:\/\/wioskisos.org\/1-5procent\/#\/schema\/logo\/image\/\"}}]}<\/script>\n<!-- \/ Yoast SEO plugin. -->","yoast_head_json":{"title":"Wspieraj zdrowie psychiczne Renaty - Przeka\u017c 1.5% podatku na SOS Wioski Dzieci\u0119ce w Polsce","robots":{"index":"index","follow":"follow","max-snippet":"max-snippet:-1","max-image-preview":"max-image-preview:large","max-video-preview":"max-video-preview:-1"},"canonical":"https:\/\/wioskisos.org\/1-5procent\/historia-renaty\/","og_locale":"pl_PL","og_type":"article","og_title":"Wspieraj zdrowie psychiczne Renaty - Przeka\u017c 1.5% podatku na SOS Wioski Dzieci\u0119ce w Polsce","og_description":"Renata jest bardzo dojrza\u0142a jak na swoje 8 lat. Umie gotowa\u0107 makaron, zrobi\u0107 jajecznic\u0119, przewin\u0105\u0107 dziecko. To nie s\u0105 czynno\u015bci, kt\u00f3rymi powinna zajmowa\u0107 si\u0119 kilkuletnia dziewczynka, ale Renata mia\u0142a pod opiek\u0105 dw\u00f3jk\u0119 m\u0142odszego rodze\u0144stwa. Kiedy umar\u0142a... Wi\u0119cej &rarr;","og_url":"https:\/\/wioskisos.org\/1-5procent\/historia-renaty\/","og_site_name":"Przeka\u017c 1.5% podatku na SOS Wioski Dzieci\u0119ce w Polsce","article_modified_time":"2026-01-29T09:00:54+00:00","og_image":[{"width":1451,"height":416,"url":"https:\/\/wioskisos.org\/1-5procent\/wp-content\/uploads\/2026\/01\/2.png","type":"image\/png"}],"twitter_card":"summary_large_image","twitter_misc":{"Szacowany czas czytania":"1 minuta"},"schema":{"@context":"https:\/\/schema.org","@graph":[{"@type":"WebPage","@id":"https:\/\/wioskisos.org\/1-5procent\/historia-renaty\/","url":"https:\/\/wioskisos.org\/1-5procent\/historia-renaty\/","name":"Wspieraj zdrowie psychiczne Renaty - Przeka\u017c 1.5% podatku na SOS Wioski Dzieci\u0119ce w Polsce","isPartOf":{"@id":"https:\/\/wioskisos.org\/1-5procent\/#website"},"primaryImageOfPage":{"@id":"https:\/\/wioskisos.org\/1-5procent\/historia-renaty\/#primaryimage"},"image":{"@id":"https:\/\/wioskisos.org\/1-5procent\/historia-renaty\/#primaryimage"},"thumbnailUrl":"https:\/\/wioskisos.org\/1-5procent\/wp-content\/uploads\/2026\/01\/2-1024x294.png","datePublished":"2023-01-17T16:33:25+00:00","dateModified":"2026-01-29T09:00:54+00:00","breadcrumb":{"@id":"https:\/\/wioskisos.org\/1-5procent\/historia-renaty\/#breadcrumb"},"inLanguage":"pl-PL","potentialAction":[{"@type":"ReadAction","target":["https:\/\/wioskisos.org\/1-5procent\/historia-renaty\/"]}]},{"@type":"ImageObject","inLanguage":"pl-PL","@id":"https:\/\/wioskisos.org\/1-5procent\/historia-renaty\/#primaryimage","url":"https:\/\/wioskisos.org\/1-5procent\/wp-content\/uploads\/2026\/01\/2.png","contentUrl":"https:\/\/wioskisos.org\/1-5procent\/wp-content\/uploads\/2026\/01\/2.png","width":1451,"height":416},{"@type":"BreadcrumbList","@id":"https:\/\/wioskisos.org\/1-5procent\/historia-renaty\/#breadcrumb","itemListElement":[{"@type":"ListItem","position":1,"name":"Strona g\u0142\u00f3wna","item":"https:\/\/wioskisos.org\/1-5procent\/"},{"@type":"ListItem","position":2,"name":"Wspieraj zdrowie psychiczne Renaty"}]},{"@type":"WebSite","@id":"https:\/\/wioskisos.org\/1-5procent\/#website","url":"https:\/\/wioskisos.org\/1-5procent\/","name":"Przeka\u017c 1.5% podatku na SOS Wioski Dzieci\u0119ce w Polsce","description":"","publisher":{"@id":"https:\/\/wioskisos.org\/1-5procent\/#organization"},"potentialAction":[{"@type":"SearchAction","target":{"@type":"EntryPoint","urlTemplate":"https:\/\/wioskisos.org\/1-5procent\/?s={search_term_string}"},"query-input":{"@type":"PropertyValueSpecification","valueRequired":true,"valueName":"search_term_string"}}],"inLanguage":"pl-PL"},{"@type":"Organization","@id":"https:\/\/wioskisos.org\/1-5procent\/#organization","name":"Przeka\u017c 1.5% podatku na SOS Wioski Dzieci\u0119ce w Polsce","url":"https:\/\/wioskisos.org\/1-5procent\/","logo":{"@type":"ImageObject","inLanguage":"pl-PL","@id":"https:\/\/wioskisos.org\/1-5procent\/#\/schema\/logo\/image\/","url":"https:\/\/wioskisos.org\/1-5procent\/wp-content\/uploads\/2021\/02\/logo-1.png","contentUrl":"https:\/\/wioskisos.org\/1-5procent\/wp-content\/uploads\/2021\/02\/logo-1.png","width":400,"height":134,"caption":"Przeka\u017c 1.5% podatku na SOS Wioski Dzieci\u0119ce w Polsce"},"image":{"@id":"https:\/\/wioskisos.org\/1-5procent\/#\/schema\/logo\/image\/"}}]}},"_links":{"self":[{"href":"https:\/\/wioskisos.org\/1-5procent\/wp-json\/wp\/v2\/pages\/239","targetHints":{"allow":["GET"]}}],"collection":[{"href":"https:\/\/wioskisos.org\/1-5procent\/wp-json\/wp\/v2\/pages"}],"about":[{"href":"https:\/\/wioskisos.org\/1-5procent\/wp-json\/wp\/v2\/types\/page"}],"author":[{"embeddable":true,"href":"https:\/\/wioskisos.org\/1-5procent\/wp-json\/wp\/v2\/users\/1"}],"replies":[{"embeddable":true,"href":"https:\/\/wioskisos.org\/1-5procent\/wp-json\/wp\/v2\/comments?post=239"}],"version-history":[{"count":5,"href":"https:\/\/wioskisos.org\/1-5procent\/wp-json\/wp\/v2\/pages\/239\/revisions"}],"predecessor-version":[{"id":477,"href":"https:\/\/wioskisos.org\/1-5procent\/wp-json\/wp\/v2\/pages\/239\/revisions\/477"}],"wp:attachment":[{"href":"https:\/\/wioskisos.org\/1-5procent\/wp-json\/wp\/v2\/media?parent=239"}],"curies":[{"name":"wp","href":"https:\/\/api.w.org\/{rel}","templated":true}]}}